{"id":13697,"date":"2017-11-17T09:23:44","date_gmt":"2017-11-17T08:23:44","guid":{"rendered":"http:\/\/der-goldene-fisch.de\/ping"},"modified":"2017-11-17T09:26:57","modified_gmt":"2017-11-17T08:26:57","slug":"alexander-peer","status":"publish","type":"page","link":"https:\/\/der-goldene-fisch.de\/ping\/alexander-peer\/","title":{"rendered":"Alexander Peer"},"content":{"rendered":"<p><a href=\"http:\/\/der-goldene-fisch.de\/ping\/wp-content\/2017\/11\/alexander.jpg\"><img loading=\"lazy\" decoding=\"async\" class=\"alignleft size-full wp-image-13698\" title=\"alexander\" src=\"http:\/\/der-goldene-fisch.de\/ping\/wp-content\/2017\/11\/alexander.jpg\" alt=\"\" width=\"450\" height=\"300\" srcset=\"https:\/\/der-goldene-fisch.de\/ping\/wp-content\/2017\/11\/alexander.jpg 450w, https:\/\/der-goldene-fisch.de\/ping\/wp-content\/2017\/11\/alexander-300x200.jpg 300w\" sizes=\"auto, (max-width: 450px) 100vw, 450px\" \/><\/a><\/p>\n<p>geb. 1971 in Salzburg, Studien in Germanistik, Philosophie und Publizistik, lebt heute als freier Autor in Wien. Zus\u00e4tzlich zur vielf\u00e4ltigen literarischen Arbeit schreibt Peer regelm\u00e4\u00dfig Reportagen, Rezensionen und essayistische Artikel (u.a. sind in Der Standard, Die Presse, profl, Wiener Zeitung und a3 Verlag Beitr\u00e4ge erschienen). Mehrmals im Jahr bietet er Schreibwerkst\u00e4tten an und h\u00e4lt Vortr\u00e4ge. Bis 2004 war er in einer Web-Redaktion, als Regie- Assistent, im Verlags-Marketing sowie als Comic-Texter t\u00e4tig.<\/p>\n<p><a href=\"http:\/\/www.peerfact.at\/werke\/der-klang-der-stummen-verhaeltnisse\/\">www.peerfact.at<\/a><\/p>\n","protected":false},"excerpt":{"rendered":"<p>geb. 1971 in Salzburg, Studien in Germanistik, Philosophie und Publizistik, lebt heute als freier Autor in Wien. Zus\u00e4tzlich zur vielf\u00e4ltigen literarischen Arbeit schreibt Peer regelm\u00e4\u00dfig Reportagen, Rezensionen und essayistische Artikel (u.a. sind in Der Standard, Die Presse, profl, Wiener Zeitung und a3 Verlag Beitr\u00e4ge erschienen). Mehrmals im Jahr bietet er Schreibwerkst\u00e4tten an und h\u00e4lt Vortr\u00e4ge. [&hellip;]<\/p>\n","protected":false},"author":1,"featured_media":0,"parent":0,"menu_order":0,"comment_status":"open","ping_status":"open","template":"page2.php","meta":{"jetpack_post_was_ever_published":false,"footnotes":""},"class_list":["post-13697","page","type-page","status-publish","hentry"],"yoast_head":"<!-- This site is optimized with the Yoast SEO plugin v24.0 - https:\/\/yoast.com\/wordpress\/plugins\/seo\/ -->\n<title>Alexander Peer - der goldene fisch<\/title>\n<meta name=\"robots\" content=\"index, follow, max-snippet:-1, max-image-preview:large, max-video-preview:-1\" \/>\n<link rel=\"canonical\" href=\"https:\/\/der-goldene-fisch.de\/ping\/alexander-peer\/\" \/>\n<meta property=\"og:locale\" content=\"de_DE\" \/>\n<meta property=\"og:type\" content=\"article\" \/>\n<meta property=\"og:title\" content=\"Alexander Peer - der goldene fisch\" \/>\n<meta property=\"og:description\" content=\"geb. 1971 in Salzburg, Studien in Germanistik, Philosophie und Publizistik, lebt heute als freier Autor in Wien. Zus\u00e4tzlich zur vielf\u00e4ltigen literarischen Arbeit schreibt Peer regelm\u00e4\u00dfig Reportagen, Rezensionen und essayistische Artikel (u.a. sind in Der Standard, Die Presse, profl, Wiener Zeitung und a3 Verlag Beitr\u00e4ge erschienen). Mehrmals im Jahr bietet er Schreibwerkst\u00e4tten an und h\u00e4lt Vortr\u00e4ge. [&hellip;]\" \/>\n<meta property=\"og:url\" content=\"https:\/\/der-goldene-fisch.de\/ping\/alexander-peer\/\" \/>\n<meta property=\"og:site_name\" content=\"der goldene fisch\" \/>\n<meta property=\"article:modified_time\" content=\"2017-11-17T08:26:57+00:00\" \/>\n<meta property=\"og:image\" content=\"http:\/\/der-goldene-fisch.de\/ping\/wp-content\/2017\/11\/alexander.jpg\" \/>\n<meta name=\"twitter:card\" content=\"summary_large_image\" \/>\n<script type=\"application\/ld+json\" class=\"yoast-schema-graph\">{\"@context\":\"https:\/\/schema.org\",\"@graph\":[{\"@type\":\"WebPage\",\"@id\":\"https:\/\/der-goldene-fisch.de\/ping\/alexander-peer\/\",\"url\":\"https:\/\/der-goldene-fisch.de\/ping\/alexander-peer\/\",\"name\":\"Alexander Peer - der goldene fisch\",\"isPartOf\":{\"@id\":\"https:\/\/der-goldene-fisch.de\/ping\/#website\"},\"primaryImageOfPage\":{\"@id\":\"https:\/\/der-goldene-fisch.de\/ping\/alexander-peer\/#primaryimage\"},\"image\":{\"@id\":\"https:\/\/der-goldene-fisch.de\/ping\/alexander-peer\/#primaryimage\"},\"thumbnailUrl\":\"http:\/\/der-goldene-fisch.de\/ping\/wp-content\/2017\/11\/alexander.jpg\",\"datePublished\":\"2017-11-17T08:23:44+00:00\",\"dateModified\":\"2017-11-17T08:26:57+00:00\",\"breadcrumb\":{\"@id\":\"https:\/\/der-goldene-fisch.de\/ping\/alexander-peer\/#breadcrumb\"},\"inLanguage\":\"de\",\"potentialAction\":[{\"@type\":\"ReadAction\",\"target\":[\"https:\/\/der-goldene-fisch.de\/ping\/alexander-peer\/\"]}]},{\"@type\":\"ImageObject\",\"inLanguage\":\"de\",\"@id\":\"https:\/\/der-goldene-fisch.de\/ping\/alexander-peer\/#primaryimage\",\"url\":\"http:\/\/der-goldene-fisch.de\/ping\/wp-content\/2017\/11\/alexander.jpg\",\"contentUrl\":\"http:\/\/der-goldene-fisch.de\/ping\/wp-content\/2017\/11\/alexander.jpg\"},{\"@type\":\"BreadcrumbList\",\"@id\":\"https:\/\/der-goldene-fisch.de\/ping\/alexander-peer\/#breadcrumb\",\"itemListElement\":[{\"@type\":\"ListItem\",\"position\":1,\"name\":\"Startseite\",\"item\":\"https:\/\/der-goldene-fisch.de\/ping\/\"},{\"@type\":\"ListItem\",\"position\":2,\"name\":\"Alexander Peer\"}]},{\"@type\":\"WebSite\",\"@id\":\"https:\/\/der-goldene-fisch.de\/ping\/#website\",\"url\":\"https:\/\/der-goldene-fisch.de\/ping\/\",\"name\":\"der goldene fisch\",\"description\":\"\",\"publisher\":{\"@id\":\"https:\/\/der-goldene-fisch.de\/ping\/#\/schema\/person\/c415140d7348926844a49b29cc105aa4\"},\"potentialAction\":[{\"@type\":\"SearchAction\",\"target\":{\"@type\":\"EntryPoint\",\"urlTemplate\":\"https:\/\/der-goldene-fisch.de\/ping\/?s={search_term_string}\"},\"query-input\":{\"@type\":\"PropertyValueSpecification\",\"valueRequired\":true,\"valueName\":\"search_term_string\"}}],\"inLanguage\":\"de\"},{\"@type\":[\"Person\",\"Organization\"],\"@id\":\"https:\/\/der-goldene-fisch.de\/ping\/#\/schema\/person\/c415140d7348926844a49b29cc105aa4\",\"name\":\"Andreas Louis Seyerlein\",\"image\":{\"@type\":\"ImageObject\",\"inLanguage\":\"de\",\"@id\":\"https:\/\/der-goldene-fisch.de\/ping\/#\/schema\/person\/image\/\",\"url\":\"https:\/\/secure.gravatar.com\/avatar\/d233a6eb5d99a83abb911b2d89ddf42e?s=96&d=mm&r=g\",\"contentUrl\":\"https:\/\/secure.gravatar.com\/avatar\/d233a6eb5d99a83abb911b2d89ddf42e?s=96&d=mm&r=g\",\"caption\":\"Andreas Louis Seyerlein\"},\"logo\":{\"@id\":\"https:\/\/der-goldene-fisch.de\/ping\/#\/schema\/person\/image\/\"},\"sameAs\":[\"http:\/\/\"]}]}<\/script>\n<!-- \/ Yoast SEO plugin. -->","yoast_head_json":{"title":"Alexander Peer - der goldene fisch","robots":{"index":"index","follow":"follow","max-snippet":"max-snippet:-1","max-image-preview":"max-image-preview:large","max-video-preview":"max-video-preview:-1"},"canonical":"https:\/\/der-goldene-fisch.de\/ping\/alexander-peer\/","og_locale":"de_DE","og_type":"article","og_title":"Alexander Peer - der goldene fisch","og_description":"geb. 1971 in Salzburg, Studien in Germanistik, Philosophie und Publizistik, lebt heute als freier Autor in Wien. Zus\u00e4tzlich zur vielf\u00e4ltigen literarischen Arbeit schreibt Peer regelm\u00e4\u00dfig Reportagen, Rezensionen und essayistische Artikel (u.a. sind in Der Standard, Die Presse, profl, Wiener Zeitung und a3 Verlag Beitr\u00e4ge erschienen). Mehrmals im Jahr bietet er Schreibwerkst\u00e4tten an und h\u00e4lt Vortr\u00e4ge. [&hellip;]","og_url":"https:\/\/der-goldene-fisch.de\/ping\/alexander-peer\/","og_site_name":"der goldene fisch","article_modified_time":"2017-11-17T08:26:57+00:00","og_image":[{"url":"http:\/\/der-goldene-fisch.de\/ping\/wp-content\/2017\/11\/alexander.jpg","type":"","width":"","height":""}],"twitter_card":"summary_large_image","schema":{"@context":"https:\/\/schema.org","@graph":[{"@type":"WebPage","@id":"https:\/\/der-goldene-fisch.de\/ping\/alexander-peer\/","url":"https:\/\/der-goldene-fisch.de\/ping\/alexander-peer\/","name":"Alexander Peer - der goldene fisch","isPartOf":{"@id":"https:\/\/der-goldene-fisch.de\/ping\/#website"},"primaryImageOfPage":{"@id":"https:\/\/der-goldene-fisch.de\/ping\/alexander-peer\/#primaryimage"},"image":{"@id":"https:\/\/der-goldene-fisch.de\/ping\/alexander-peer\/#primaryimage"},"thumbnailUrl":"http:\/\/der-goldene-fisch.de\/ping\/wp-content\/2017\/11\/alexander.jpg","datePublished":"2017-11-17T08:23:44+00:00","dateModified":"2017-11-17T08:26:57+00:00","breadcrumb":{"@id":"https:\/\/der-goldene-fisch.de\/ping\/alexander-peer\/#breadcrumb"},"inLanguage":"de","potentialAction":[{"@type":"ReadAction","target":["https:\/\/der-goldene-fisch.de\/ping\/alexander-peer\/"]}]},{"@type":"ImageObject","inLanguage":"de","@id":"https:\/\/der-goldene-fisch.de\/ping\/alexander-peer\/#primaryimage","url":"http:\/\/der-goldene-fisch.de\/ping\/wp-content\/2017\/11\/alexander.jpg","contentUrl":"http:\/\/der-goldene-fisch.de\/ping\/wp-content\/2017\/11\/alexander.jpg"},{"@type":"BreadcrumbList","@id":"https:\/\/der-goldene-fisch.de\/ping\/alexander-peer\/#breadcrumb","itemListElement":[{"@type":"ListItem","position":1,"name":"Startseite","item":"https:\/\/der-goldene-fisch.de\/ping\/"},{"@type":"ListItem","position":2,"name":"Alexander Peer"}]},{"@type":"WebSite","@id":"https:\/\/der-goldene-fisch.de\/ping\/#website","url":"https:\/\/der-goldene-fisch.de\/ping\/","name":"der goldene fisch","description":"","publisher":{"@id":"https:\/\/der-goldene-fisch.de\/ping\/#\/schema\/person\/c415140d7348926844a49b29cc105aa4"},"potentialAction":[{"@type":"SearchAction","target":{"@type":"EntryPoint","urlTemplate":"https:\/\/der-goldene-fisch.de\/ping\/?s={search_term_string}"},"query-input":{"@type":"PropertyValueSpecification","valueRequired":true,"valueName":"search_term_string"}}],"inLanguage":"de"},{"@type":["Person","Organization"],"@id":"https:\/\/der-goldene-fisch.de\/ping\/#\/schema\/person\/c415140d7348926844a49b29cc105aa4","name":"Andreas Louis Seyerlein","image":{"@type":"ImageObject","inLanguage":"de","@id":"https:\/\/der-goldene-fisch.de\/ping\/#\/schema\/person\/image\/","url":"https:\/\/secure.gravatar.com\/avatar\/d233a6eb5d99a83abb911b2d89ddf42e?s=96&d=mm&r=g","contentUrl":"https:\/\/secure.gravatar.com\/avatar\/d233a6eb5d99a83abb911b2d89ddf42e?s=96&d=mm&r=g","caption":"Andreas Louis Seyerlein"},"logo":{"@id":"https:\/\/der-goldene-fisch.de\/ping\/#\/schema\/person\/image\/"},"sameAs":["http:\/\/"]}]}},"jetpack_sharing_enabled":true,"jetpack_shortlink":"https:\/\/wp.me\/PxsFY-3yV","_links":{"self":[{"href":"https:\/\/der-goldene-fisch.de\/ping\/wp-json\/wp\/v2\/pages\/13697","targetHints":{"allow":["GET"]}}],"collection":[{"href":"https:\/\/der-goldene-fisch.de\/ping\/wp-json\/wp\/v2\/pages"}],"about":[{"href":"https:\/\/der-goldene-fisch.de\/ping\/wp-json\/wp\/v2\/types\/page"}],"author":[{"embeddable":true,"href":"https:\/\/der-goldene-fisch.de\/ping\/wp-json\/wp\/v2\/users\/1"}],"replies":[{"embeddable":true,"href":"https:\/\/der-goldene-fisch.de\/ping\/wp-json\/wp\/v2\/comments?post=13697"}],"version-history":[{"count":0,"href":"https:\/\/der-goldene-fisch.de\/ping\/wp-json\/wp\/v2\/pages\/13697\/revisions"}],"wp:attachment":[{"href":"https:\/\/der-goldene-fisch.de\/ping\/wp-json\/wp\/v2\/media?parent=13697"}],"curies":[{"name":"wp","href":"https:\/\/api.w.org\/{rel}","templated":true}]}}