{"id":157,"date":"2009-02-12T22:42:04","date_gmt":"2009-02-12T21:42:04","guid":{"rendered":"http:\/\/der-goldene-fisch.de\/ping\/?page_id=157"},"modified":"2014-05-05T22:28:36","modified_gmt":"2014-05-05T21:28:36","slug":"christine-langer","status":"publish","type":"page","link":"https:\/\/der-goldene-fisch.de\/ping\/christine-langer\/","title":{"rendered":"Christine Langer"},"content":{"rendered":"<p><img loading=\"lazy\" decoding=\"async\" class=\"alignnone size-full wp-image-158\" title=\"christinelanger\" src=\"http:\/\/der-goldene-fisch.de\/ping\/wp-content\/2009\/02\/christinelanger.jpeg\" alt=\"christinelanger\" width=\"450\" height=\"338\" srcset=\"https:\/\/der-goldene-fisch.de\/ping\/wp-content\/2009\/02\/christinelanger.jpeg 450w, https:\/\/der-goldene-fisch.de\/ping\/wp-content\/2009\/02\/christinelanger-300x225.jpg 300w\" sizes=\"auto, (max-width: 450px) 100vw, 450px\" \/><\/p>\n<p>geb. 1966 in Ulm, lebt in Neu-Ulm. Letzte zwei EINZELTITEL: \u201eLichtrisse\u201c, Gedichte (Kl\u00f6pfer &#038; Meyer Verlag, T\u00fcbingen; 2007); \u201eFindelgesichter\u201c, Gedichte (Kl\u00f6pfer &#038; Meyer Verlag, T\u00fcbingen; 2010). Verschiedene VERTONUNGEN: Donausuite &#8211; GEDICHTVERTONUNG durch Orchester aus Linz, Bratislava, Bukarest, Ulm und Neu-Ulm (Urauff\u00fchrung 2004); Gedichtvertonung durch Rolf Hempel, Esslingen, (Urauff\u00fchrung 2009); CD BODENLOS &#038; KIRSCHENROT (Label Lehle, 2005) &#8211; Vertonung von Gedichten durch Martin Schmitt &#038; Reinhard K\u00f6hler. Verschiedene Auszeichnungen, u.a. Stipendium Villa Vigoni, Italien (2000), F\u00f6rderpreis f\u00fcr Lyrik der Internationalen Bodenseekonferenz (2006);  \u201eBuch des Monats M\u00e4rz\u201c Ausgezeichnet von der Darmst\u00e4dter Jury (2007); Arbeitsstipendium des F\u00f6rderkreises deutscher Schriftsteller (2007), Jahresstipendium des Ministeriums f\u00fcr Wissenschaft, Forschung und Kunst Baden-W\u00fcrttemberg (2008\/2009), Auszeichnung durch das Kulturreferat Esslingen \u201eStadtinszenierung Esslingen\u201c (2009). Seit 2003 Herausgeberin der Zeitschrift KONZEPTE \u2022 ZEITSCHRIFT F\u00dcR LITERATUR. Verschiedene \u00dcbersetzungen u.a. ins Franz\u00f6sische durch R\u00fcdiger Fischer, ins Rum\u00e4nische durch Cosmin Dragoste. Verschiedene Anthologien, Zeitschriften, u.a. Der grosse Conrady, Das Gedicht, Jahrbuch der Lyrik, Akzente, allmende. <\/p>\n<p><a href=\"http:\/\/www.christine-langer.de\/\" target=\"_blank\">Zur Website von Christine Langer<\/a><\/p>\n","protected":false},"excerpt":{"rendered":"<p>geb. 1966 in Ulm, lebt in Neu-Ulm. Letzte zwei EINZELTITEL: \u201eLichtrisse\u201c, Gedichte (Kl\u00f6pfer &#038; Meyer Verlag, T\u00fcbingen; 2007); \u201eFindelgesichter\u201c, Gedichte (Kl\u00f6pfer &#038; Meyer Verlag, T\u00fcbingen; 2010). Verschiedene VERTONUNGEN: Donausuite &#8211; GEDICHTVERTONUNG durch Orchester aus Linz, Bratislava, Bukarest, Ulm und Neu-Ulm (Urauff\u00fchrung 2004); Gedichtvertonung durch Rolf Hempel, Esslingen, (Urauff\u00fchrung 2009); CD BODENLOS &#038; KIRSCHENROT (Label Lehle, [&hellip;]<\/p>\n","protected":false},"author":2,"featured_media":0,"parent":0,"menu_order":0,"comment_status":"open","ping_status":"open","template":"page2.php","meta":{"jetpack_post_was_ever_published":false,"footnotes":""},"class_list":["post-157","page","type-page","status-publish","hentry"],"yoast_head":"<!-- This site is optimized with the Yoast SEO plugin v24.0 - https:\/\/yoast.com\/wordpress\/plugins\/seo\/ -->\n<title>Christine Langer - der goldene fisch<\/title>\n<meta name=\"robots\" content=\"index, follow, max-snippet:-1, max-image-preview:large, max-video-preview:-1\" \/>\n<link rel=\"canonical\" href=\"https:\/\/der-goldene-fisch.de\/ping\/christine-langer\/\" \/>\n<meta property=\"og:locale\" content=\"de_DE\" \/>\n<meta property=\"og:type\" content=\"article\" \/>\n<meta property=\"og:title\" content=\"Christine Langer - der goldene fisch\" \/>\n<meta property=\"og:description\" content=\"geb. 1966 in Ulm, lebt in Neu-Ulm. Letzte zwei EINZELTITEL: \u201eLichtrisse\u201c, Gedichte (Kl\u00f6pfer &#038; Meyer Verlag, T\u00fcbingen; 2007); \u201eFindelgesichter\u201c, Gedichte (Kl\u00f6pfer &#038; Meyer Verlag, T\u00fcbingen; 2010). Verschiedene VERTONUNGEN: Donausuite &#8211; GEDICHTVERTONUNG durch Orchester aus Linz, Bratislava, Bukarest, Ulm und Neu-Ulm (Urauff\u00fchrung 2004); Gedichtvertonung durch Rolf Hempel, Esslingen, (Urauff\u00fchrung 2009); CD BODENLOS &#038; KIRSCHENROT (Label Lehle, [&hellip;]\" \/>\n<meta property=\"og:url\" content=\"https:\/\/der-goldene-fisch.de\/ping\/christine-langer\/\" \/>\n<meta property=\"og:site_name\" content=\"der goldene fisch\" \/>\n<meta property=\"article:modified_time\" content=\"2014-05-05T21:28:36+00:00\" \/>\n<meta property=\"og:image\" content=\"http:\/\/der-goldene-fisch.de\/ping\/wp-content\/2009\/02\/christinelanger.jpeg\" \/>\n<meta name=\"twitter:card\" content=\"summary_large_image\" \/>\n<meta name=\"twitter:label1\" content=\"Gesch\u00e4tzte Lesezeit\" \/>\n\t<meta name=\"twitter:data1\" content=\"1 Minute\" \/>\n<script type=\"application\/ld+json\" class=\"yoast-schema-graph\">{\"@context\":\"https:\/\/schema.org\",\"@graph\":[{\"@type\":\"WebPage\",\"@id\":\"https:\/\/der-goldene-fisch.de\/ping\/christine-langer\/\",\"url\":\"https:\/\/der-goldene-fisch.de\/ping\/christine-langer\/\",\"name\":\"Christine Langer - der goldene fisch\",\"isPartOf\":{\"@id\":\"https:\/\/der-goldene-fisch.de\/ping\/#website\"},\"primaryImageOfPage\":{\"@id\":\"https:\/\/der-goldene-fisch.de\/ping\/christine-langer\/#primaryimage\"},\"image\":{\"@id\":\"https:\/\/der-goldene-fisch.de\/ping\/christine-langer\/#primaryimage\"},\"thumbnailUrl\":\"http:\/\/der-goldene-fisch.de\/ping\/wp-content\/2009\/02\/christinelanger.jpeg\",\"datePublished\":\"2009-02-12T21:42:04+00:00\",\"dateModified\":\"2014-05-05T21:28:36+00:00\",\"breadcrumb\":{\"@id\":\"https:\/\/der-goldene-fisch.de\/ping\/christine-langer\/#breadcrumb\"},\"inLanguage\":\"de\",\"potentialAction\":[{\"@type\":\"ReadAction\",\"target\":[\"https:\/\/der-goldene-fisch.de\/ping\/christine-langer\/\"]}]},{\"@type\":\"ImageObject\",\"inLanguage\":\"de\",\"@id\":\"https:\/\/der-goldene-fisch.de\/ping\/christine-langer\/#primaryimage\",\"url\":\"https:\/\/der-goldene-fisch.de\/ping\/wp-content\/2009\/02\/christinelanger.jpeg\",\"contentUrl\":\"https:\/\/der-goldene-fisch.de\/ping\/wp-content\/2009\/02\/christinelanger.jpeg\",\"width\":\"450\",\"height\":\"338\"},{\"@type\":\"BreadcrumbList\",\"@id\":\"https:\/\/der-goldene-fisch.de\/ping\/christine-langer\/#breadcrumb\",\"itemListElement\":[{\"@type\":\"ListItem\",\"position\":1,\"name\":\"Startseite\",\"item\":\"https:\/\/der-goldene-fisch.de\/ping\/\"},{\"@type\":\"ListItem\",\"position\":2,\"name\":\"Christine Langer\"}]},{\"@type\":\"WebSite\",\"@id\":\"https:\/\/der-goldene-fisch.de\/ping\/#website\",\"url\":\"https:\/\/der-goldene-fisch.de\/ping\/\",\"name\":\"der goldene fisch\",\"description\":\"\",\"publisher\":{\"@id\":\"https:\/\/der-goldene-fisch.de\/ping\/#\/schema\/person\/c415140d7348926844a49b29cc105aa4\"},\"potentialAction\":[{\"@type\":\"SearchAction\",\"target\":{\"@type\":\"EntryPoint\",\"urlTemplate\":\"https:\/\/der-goldene-fisch.de\/ping\/?s={search_term_string}\"},\"query-input\":{\"@type\":\"PropertyValueSpecification\",\"valueRequired\":true,\"valueName\":\"search_term_string\"}}],\"inLanguage\":\"de\"},{\"@type\":[\"Person\",\"Organization\"],\"@id\":\"https:\/\/der-goldene-fisch.de\/ping\/#\/schema\/person\/c415140d7348926844a49b29cc105aa4\",\"name\":\"Andreas Louis Seyerlein\",\"image\":{\"@type\":\"ImageObject\",\"inLanguage\":\"de\",\"@id\":\"https:\/\/der-goldene-fisch.de\/ping\/#\/schema\/person\/image\/\",\"url\":\"https:\/\/secure.gravatar.com\/avatar\/d233a6eb5d99a83abb911b2d89ddf42e?s=96&d=mm&r=g\",\"contentUrl\":\"https:\/\/secure.gravatar.com\/avatar\/d233a6eb5d99a83abb911b2d89ddf42e?s=96&d=mm&r=g\",\"caption\":\"Andreas Louis Seyerlein\"},\"logo\":{\"@id\":\"https:\/\/der-goldene-fisch.de\/ping\/#\/schema\/person\/image\/\"},\"sameAs\":[\"http:\/\/\"]}]}<\/script>\n<!-- \/ Yoast SEO plugin. -->","yoast_head_json":{"title":"Christine Langer - der goldene fisch","robots":{"index":"index","follow":"follow","max-snippet":"max-snippet:-1","max-image-preview":"max-image-preview:large","max-video-preview":"max-video-preview:-1"},"canonical":"https:\/\/der-goldene-fisch.de\/ping\/christine-langer\/","og_locale":"de_DE","og_type":"article","og_title":"Christine Langer - der goldene fisch","og_description":"geb. 1966 in Ulm, lebt in Neu-Ulm. Letzte zwei EINZELTITEL: \u201eLichtrisse\u201c, Gedichte (Kl\u00f6pfer &#038; Meyer Verlag, T\u00fcbingen; 2007); \u201eFindelgesichter\u201c, Gedichte (Kl\u00f6pfer &#038; Meyer Verlag, T\u00fcbingen; 2010). Verschiedene VERTONUNGEN: Donausuite &#8211; GEDICHTVERTONUNG durch Orchester aus Linz, Bratislava, Bukarest, Ulm und Neu-Ulm (Urauff\u00fchrung 2004); Gedichtvertonung durch Rolf Hempel, Esslingen, (Urauff\u00fchrung 2009); CD BODENLOS &#038; KIRSCHENROT (Label Lehle, [&hellip;]","og_url":"https:\/\/der-goldene-fisch.de\/ping\/christine-langer\/","og_site_name":"der goldene fisch","article_modified_time":"2014-05-05T21:28:36+00:00","og_image":[{"url":"http:\/\/der-goldene-fisch.de\/ping\/wp-content\/2009\/02\/christinelanger.jpeg","type":"","width":"","height":""}],"twitter_card":"summary_large_image","twitter_misc":{"Gesch\u00e4tzte Lesezeit":"1 Minute"},"schema":{"@context":"https:\/\/schema.org","@graph":[{"@type":"WebPage","@id":"https:\/\/der-goldene-fisch.de\/ping\/christine-langer\/","url":"https:\/\/der-goldene-fisch.de\/ping\/christine-langer\/","name":"Christine Langer - der goldene fisch","isPartOf":{"@id":"https:\/\/der-goldene-fisch.de\/ping\/#website"},"primaryImageOfPage":{"@id":"https:\/\/der-goldene-fisch.de\/ping\/christine-langer\/#primaryimage"},"image":{"@id":"https:\/\/der-goldene-fisch.de\/ping\/christine-langer\/#primaryimage"},"thumbnailUrl":"http:\/\/der-goldene-fisch.de\/ping\/wp-content\/2009\/02\/christinelanger.jpeg","datePublished":"2009-02-12T21:42:04+00:00","dateModified":"2014-05-05T21:28:36+00:00","breadcrumb":{"@id":"https:\/\/der-goldene-fisch.de\/ping\/christine-langer\/#breadcrumb"},"inLanguage":"de","potentialAction":[{"@type":"ReadAction","target":["https:\/\/der-goldene-fisch.de\/ping\/christine-langer\/"]}]},{"@type":"ImageObject","inLanguage":"de","@id":"https:\/\/der-goldene-fisch.de\/ping\/christine-langer\/#primaryimage","url":"https:\/\/der-goldene-fisch.de\/ping\/wp-content\/2009\/02\/christinelanger.jpeg","contentUrl":"https:\/\/der-goldene-fisch.de\/ping\/wp-content\/2009\/02\/christinelanger.jpeg","width":"450","height":"338"},{"@type":"BreadcrumbList","@id":"https:\/\/der-goldene-fisch.de\/ping\/christine-langer\/#breadcrumb","itemListElement":[{"@type":"ListItem","position":1,"name":"Startseite","item":"https:\/\/der-goldene-fisch.de\/ping\/"},{"@type":"ListItem","position":2,"name":"Christine Langer"}]},{"@type":"WebSite","@id":"https:\/\/der-goldene-fisch.de\/ping\/#website","url":"https:\/\/der-goldene-fisch.de\/ping\/","name":"der goldene fisch","description":"","publisher":{"@id":"https:\/\/der-goldene-fisch.de\/ping\/#\/schema\/person\/c415140d7348926844a49b29cc105aa4"},"potentialAction":[{"@type":"SearchAction","target":{"@type":"EntryPoint","urlTemplate":"https:\/\/der-goldene-fisch.de\/ping\/?s={search_term_string}"},"query-input":{"@type":"PropertyValueSpecification","valueRequired":true,"valueName":"search_term_string"}}],"inLanguage":"de"},{"@type":["Person","Organization"],"@id":"https:\/\/der-goldene-fisch.de\/ping\/#\/schema\/person\/c415140d7348926844a49b29cc105aa4","name":"Andreas Louis Seyerlein","image":{"@type":"ImageObject","inLanguage":"de","@id":"https:\/\/der-goldene-fisch.de\/ping\/#\/schema\/person\/image\/","url":"https:\/\/secure.gravatar.com\/avatar\/d233a6eb5d99a83abb911b2d89ddf42e?s=96&d=mm&r=g","contentUrl":"https:\/\/secure.gravatar.com\/avatar\/d233a6eb5d99a83abb911b2d89ddf42e?s=96&d=mm&r=g","caption":"Andreas Louis Seyerlein"},"logo":{"@id":"https:\/\/der-goldene-fisch.de\/ping\/#\/schema\/person\/image\/"},"sameAs":["http:\/\/"]}]}},"jetpack_sharing_enabled":true,"jetpack_shortlink":"https:\/\/wp.me\/PxsFY-2x","_links":{"self":[{"href":"https:\/\/der-goldene-fisch.de\/ping\/wp-json\/wp\/v2\/pages\/157","targetHints":{"allow":["GET"]}}],"collection":[{"href":"https:\/\/der-goldene-fisch.de\/ping\/wp-json\/wp\/v2\/pages"}],"about":[{"href":"https:\/\/der-goldene-fisch.de\/ping\/wp-json\/wp\/v2\/types\/page"}],"author":[{"embeddable":true,"href":"https:\/\/der-goldene-fisch.de\/ping\/wp-json\/wp\/v2\/users\/2"}],"replies":[{"embeddable":true,"href":"https:\/\/der-goldene-fisch.de\/ping\/wp-json\/wp\/v2\/comments?post=157"}],"version-history":[{"count":0,"href":"https:\/\/der-goldene-fisch.de\/ping\/wp-json\/wp\/v2\/pages\/157\/revisions"}],"wp:attachment":[{"href":"https:\/\/der-goldene-fisch.de\/ping\/wp-json\/wp\/v2\/media?parent=157"}],"curies":[{"name":"wp","href":"https:\/\/api.w.org\/{rel}","templated":true}]}}