{"id":67,"date":"2009-02-09T23:05:47","date_gmt":"2009-02-09T22:05:47","guid":{"rendered":"http:\/\/der-goldene-fisch.de\/ping\/?page_id=67"},"modified":"2025-11-19T19:05:26","modified_gmt":"2025-11-19T18:05:26","slug":"mirko-bonne","status":"publish","type":"page","link":"https:\/\/der-goldene-fisch.de\/ping\/mirko-bonne\/","title":{"rendered":"Mirko Bonn\u00e9"},"content":{"rendered":"<p><a href=\"http:\/\/der-goldene-fisch.de\/ping\/wp-content\/2009\/02\/Hamburg-Herbst-13.jpg\"><img loading=\"lazy\" decoding=\"async\" src=\"http:\/\/der-goldene-fisch.de\/ping\/wp-content\/2009\/02\/Hamburg-Herbst-13-300x275.jpg\" alt=\"\" width=\"300\" height=\"275\" class=\"alignnone size-medium wp-image-10047\" srcset=\"https:\/\/der-goldene-fisch.de\/ping\/wp-content\/2009\/02\/Hamburg-Herbst-13-300x275.jpg 300w, https:\/\/der-goldene-fisch.de\/ping\/wp-content\/2009\/02\/Hamburg-Herbst-13.jpg 400w\" sizes=\"auto, (max-width: 300px) 100vw, 300px\" \/><\/a><\/p>\n<p style=\"text-align: left\">Mirko Bonn\u00e9 wurde 1965 in Tegernsee geboren. Er lebt als freier Schriftsteller und \u00dcbersetzer in Hamburg und im Luberon. 2024 erhielt er den Hubert Fichte-Preis, 2025 den Hannelore Greve-Literaturpreis.<\/p>\n<p style=\"text-align: left\">Zuletzt erschienen:<\/p>\n<p style=\"text-align: left\"><em>\u2013 Wege durch die Spiegel<\/em> Gedichte. Sch\u00f6ffling &amp; Co. 2025<br \/>\n\u2013 <em>Alle ungez\u00e4hlten Sterne<\/em> Roman. ebd. 2023<\/p>\n<p style=\"text-align: left\">Als \u00dcbersetzer:<\/p>\n<p style=\"text-align: left\">\u2013 Yusef Komunyakaa: <em>Der Gott der Landminen<\/em><br \/>\nGedichte. Edition Lyrik Kabinett bei Hanser 2024<br \/>\n\u2013 Oscar Wilde: <em>Aus der Tiefe<\/em><br \/>\nGef\u00e4ngnisbriefe und Die Ballade vom Zuchthaus Reading. Hanser 2023<\/p>\n<p style=\"text-align: left\">Als Herausgeber:<\/p>\n<p style=\"text-align: left\">\u2013 <em>Konzepte. Zeitschrift f\u00fcr Literatur. Nr. 42: \u201eSpielarten\u201c<\/em><br \/>\nHerausgegeben von Christine Langer und Mirko Bonn\u00e9. Bundesverband junger Autoren 2025<br \/>\n\u2013 Christian Saalberg: <em>In der dritten Minute der Morgenr\u00f6te<\/em><br \/>\nAusgew\u00e4hlte Gedichte. Herausg. von Mirko Bonn\u00e9 u. Viola Rusche. Sch\u00f6ffling &amp; Co. 2019<\/p>\n<p>mirko-bonne.de<\/p>\n","protected":false},"excerpt":{"rendered":"<p>Mirko Bonn\u00e9 wurde 1965 in Tegernsee geboren. Er lebt als freier Schriftsteller und \u00dcbersetzer in Hamburg und im Luberon. 2024 erhielt er den Hubert Fichte-Preis, 2025 den Hannelore Greve-Literaturpreis. Zuletzt erschienen: \u2013 Wege durch die Spiegel Gedichte. Sch\u00f6ffling &amp; Co. 2025 \u2013 Alle ungez\u00e4hlten Sterne Roman. ebd. 2023 Als \u00dcbersetzer: \u2013 Yusef Komunyakaa: Der Gott [&hellip;]<\/p>\n","protected":false},"author":2,"featured_media":0,"parent":0,"menu_order":0,"comment_status":"open","ping_status":"open","template":"page2.php","meta":{"jetpack_post_was_ever_published":false,"footnotes":""},"class_list":["post-67","page","type-page","status-publish","hentry"],"yoast_head":"<!-- This site is optimized with the Yoast SEO plugin v24.0 - https:\/\/yoast.com\/wordpress\/plugins\/seo\/ -->\n<title>Mirko Bonn\u00e9 - der goldene fisch<\/title>\n<meta name=\"robots\" content=\"index, follow, max-snippet:-1, max-image-preview:large, max-video-preview:-1\" \/>\n<link rel=\"canonical\" href=\"https:\/\/der-goldene-fisch.de\/ping\/mirko-bonne\/\" \/>\n<meta property=\"og:locale\" content=\"de_DE\" \/>\n<meta property=\"og:type\" content=\"article\" \/>\n<meta property=\"og:title\" content=\"Mirko Bonn\u00e9 - der goldene fisch\" \/>\n<meta property=\"og:description\" content=\"Mirko Bonn\u00e9 wurde 1965 in Tegernsee geboren. Er lebt als freier Schriftsteller und \u00dcbersetzer in Hamburg und im Luberon. 2024 erhielt er den Hubert Fichte-Preis, 2025 den Hannelore Greve-Literaturpreis. Zuletzt erschienen: \u2013 Wege durch die Spiegel Gedichte. Sch\u00f6ffling &amp; Co. 2025 \u2013 Alle ungez\u00e4hlten Sterne Roman. ebd. 2023 Als \u00dcbersetzer: \u2013 Yusef Komunyakaa: Der Gott [&hellip;]\" \/>\n<meta property=\"og:url\" content=\"https:\/\/der-goldene-fisch.de\/ping\/mirko-bonne\/\" \/>\n<meta property=\"og:site_name\" content=\"der goldene fisch\" \/>\n<meta property=\"article:modified_time\" content=\"2025-11-19T18:05:26+00:00\" \/>\n<meta property=\"og:image\" content=\"https:\/\/der-goldene-fisch.de\/ping\/wp-content\/2009\/02\/Hamburg-Herbst-13.jpg\" \/>\n\t<meta property=\"og:image:width\" content=\"400\" \/>\n\t<meta property=\"og:image:height\" content=\"367\" \/>\n\t<meta property=\"og:image:type\" content=\"image\/jpeg\" \/>\n<meta name=\"twitter:card\" content=\"summary_large_image\" \/>\n<meta name=\"twitter:label1\" content=\"Gesch\u00e4tzte Lesezeit\" \/>\n\t<meta name=\"twitter:data1\" content=\"1 Minute\" \/>\n<script type=\"application\/ld+json\" class=\"yoast-schema-graph\">{\"@context\":\"https:\/\/schema.org\",\"@graph\":[{\"@type\":\"WebPage\",\"@id\":\"https:\/\/der-goldene-fisch.de\/ping\/mirko-bonne\/\",\"url\":\"https:\/\/der-goldene-fisch.de\/ping\/mirko-bonne\/\",\"name\":\"Mirko Bonn\u00e9 - der goldene fisch\",\"isPartOf\":{\"@id\":\"https:\/\/der-goldene-fisch.de\/ping\/#website\"},\"primaryImageOfPage\":{\"@id\":\"https:\/\/der-goldene-fisch.de\/ping\/mirko-bonne\/#primaryimage\"},\"image\":{\"@id\":\"https:\/\/der-goldene-fisch.de\/ping\/mirko-bonne\/#primaryimage\"},\"thumbnailUrl\":\"http:\/\/der-goldene-fisch.de\/ping\/wp-content\/2009\/02\/Hamburg-Herbst-13-300x275.jpg\",\"datePublished\":\"2009-02-09T22:05:47+00:00\",\"dateModified\":\"2025-11-19T18:05:26+00:00\",\"breadcrumb\":{\"@id\":\"https:\/\/der-goldene-fisch.de\/ping\/mirko-bonne\/#breadcrumb\"},\"inLanguage\":\"de\",\"potentialAction\":[{\"@type\":\"ReadAction\",\"target\":[\"https:\/\/der-goldene-fisch.de\/ping\/mirko-bonne\/\"]}]},{\"@type\":\"ImageObject\",\"inLanguage\":\"de\",\"@id\":\"https:\/\/der-goldene-fisch.de\/ping\/mirko-bonne\/#primaryimage\",\"url\":\"https:\/\/der-goldene-fisch.de\/ping\/wp-content\/2009\/02\/Hamburg-Herbst-13.jpg\",\"contentUrl\":\"https:\/\/der-goldene-fisch.de\/ping\/wp-content\/2009\/02\/Hamburg-Herbst-13.jpg\",\"width\":\"400\",\"height\":\"367\"},{\"@type\":\"BreadcrumbList\",\"@id\":\"https:\/\/der-goldene-fisch.de\/ping\/mirko-bonne\/#breadcrumb\",\"itemListElement\":[{\"@type\":\"ListItem\",\"position\":1,\"name\":\"Startseite\",\"item\":\"https:\/\/der-goldene-fisch.de\/ping\/\"},{\"@type\":\"ListItem\",\"position\":2,\"name\":\"Mirko Bonn\u00e9\"}]},{\"@type\":\"WebSite\",\"@id\":\"https:\/\/der-goldene-fisch.de\/ping\/#website\",\"url\":\"https:\/\/der-goldene-fisch.de\/ping\/\",\"name\":\"der goldene fisch\",\"description\":\"\",\"publisher\":{\"@id\":\"https:\/\/der-goldene-fisch.de\/ping\/#\/schema\/person\/c415140d7348926844a49b29cc105aa4\"},\"potentialAction\":[{\"@type\":\"SearchAction\",\"target\":{\"@type\":\"EntryPoint\",\"urlTemplate\":\"https:\/\/der-goldene-fisch.de\/ping\/?s={search_term_string}\"},\"query-input\":{\"@type\":\"PropertyValueSpecification\",\"valueRequired\":true,\"valueName\":\"search_term_string\"}}],\"inLanguage\":\"de\"},{\"@type\":[\"Person\",\"Organization\"],\"@id\":\"https:\/\/der-goldene-fisch.de\/ping\/#\/schema\/person\/c415140d7348926844a49b29cc105aa4\",\"name\":\"Andreas Louis Seyerlein\",\"image\":{\"@type\":\"ImageObject\",\"inLanguage\":\"de\",\"@id\":\"https:\/\/der-goldene-fisch.de\/ping\/#\/schema\/person\/image\/\",\"url\":\"https:\/\/secure.gravatar.com\/avatar\/d233a6eb5d99a83abb911b2d89ddf42e?s=96&d=mm&r=g\",\"contentUrl\":\"https:\/\/secure.gravatar.com\/avatar\/d233a6eb5d99a83abb911b2d89ddf42e?s=96&d=mm&r=g\",\"caption\":\"Andreas Louis Seyerlein\"},\"logo\":{\"@id\":\"https:\/\/der-goldene-fisch.de\/ping\/#\/schema\/person\/image\/\"},\"sameAs\":[\"http:\/\/\"]}]}<\/script>\n<!-- \/ Yoast SEO plugin. -->","yoast_head_json":{"title":"Mirko Bonn\u00e9 - der goldene fisch","robots":{"index":"index","follow":"follow","max-snippet":"max-snippet:-1","max-image-preview":"max-image-preview:large","max-video-preview":"max-video-preview:-1"},"canonical":"https:\/\/der-goldene-fisch.de\/ping\/mirko-bonne\/","og_locale":"de_DE","og_type":"article","og_title":"Mirko Bonn\u00e9 - der goldene fisch","og_description":"Mirko Bonn\u00e9 wurde 1965 in Tegernsee geboren. Er lebt als freier Schriftsteller und \u00dcbersetzer in Hamburg und im Luberon. 2024 erhielt er den Hubert Fichte-Preis, 2025 den Hannelore Greve-Literaturpreis. Zuletzt erschienen: \u2013 Wege durch die Spiegel Gedichte. Sch\u00f6ffling &amp; Co. 2025 \u2013 Alle ungez\u00e4hlten Sterne Roman. ebd. 2023 Als \u00dcbersetzer: \u2013 Yusef Komunyakaa: Der Gott [&hellip;]","og_url":"https:\/\/der-goldene-fisch.de\/ping\/mirko-bonne\/","og_site_name":"der goldene fisch","article_modified_time":"2025-11-19T18:05:26+00:00","og_image":[{"width":400,"height":367,"url":"https:\/\/der-goldene-fisch.de\/ping\/wp-content\/2009\/02\/Hamburg-Herbst-13.jpg","type":"image\/jpeg"}],"twitter_card":"summary_large_image","twitter_misc":{"Gesch\u00e4tzte Lesezeit":"1 Minute"},"schema":{"@context":"https:\/\/schema.org","@graph":[{"@type":"WebPage","@id":"https:\/\/der-goldene-fisch.de\/ping\/mirko-bonne\/","url":"https:\/\/der-goldene-fisch.de\/ping\/mirko-bonne\/","name":"Mirko Bonn\u00e9 - der goldene fisch","isPartOf":{"@id":"https:\/\/der-goldene-fisch.de\/ping\/#website"},"primaryImageOfPage":{"@id":"https:\/\/der-goldene-fisch.de\/ping\/mirko-bonne\/#primaryimage"},"image":{"@id":"https:\/\/der-goldene-fisch.de\/ping\/mirko-bonne\/#primaryimage"},"thumbnailUrl":"http:\/\/der-goldene-fisch.de\/ping\/wp-content\/2009\/02\/Hamburg-Herbst-13-300x275.jpg","datePublished":"2009-02-09T22:05:47+00:00","dateModified":"2025-11-19T18:05:26+00:00","breadcrumb":{"@id":"https:\/\/der-goldene-fisch.de\/ping\/mirko-bonne\/#breadcrumb"},"inLanguage":"de","potentialAction":[{"@type":"ReadAction","target":["https:\/\/der-goldene-fisch.de\/ping\/mirko-bonne\/"]}]},{"@type":"ImageObject","inLanguage":"de","@id":"https:\/\/der-goldene-fisch.de\/ping\/mirko-bonne\/#primaryimage","url":"https:\/\/der-goldene-fisch.de\/ping\/wp-content\/2009\/02\/Hamburg-Herbst-13.jpg","contentUrl":"https:\/\/der-goldene-fisch.de\/ping\/wp-content\/2009\/02\/Hamburg-Herbst-13.jpg","width":"400","height":"367"},{"@type":"BreadcrumbList","@id":"https:\/\/der-goldene-fisch.de\/ping\/mirko-bonne\/#breadcrumb","itemListElement":[{"@type":"ListItem","position":1,"name":"Startseite","item":"https:\/\/der-goldene-fisch.de\/ping\/"},{"@type":"ListItem","position":2,"name":"Mirko Bonn\u00e9"}]},{"@type":"WebSite","@id":"https:\/\/der-goldene-fisch.de\/ping\/#website","url":"https:\/\/der-goldene-fisch.de\/ping\/","name":"der goldene fisch","description":"","publisher":{"@id":"https:\/\/der-goldene-fisch.de\/ping\/#\/schema\/person\/c415140d7348926844a49b29cc105aa4"},"potentialAction":[{"@type":"SearchAction","target":{"@type":"EntryPoint","urlTemplate":"https:\/\/der-goldene-fisch.de\/ping\/?s={search_term_string}"},"query-input":{"@type":"PropertyValueSpecification","valueRequired":true,"valueName":"search_term_string"}}],"inLanguage":"de"},{"@type":["Person","Organization"],"@id":"https:\/\/der-goldene-fisch.de\/ping\/#\/schema\/person\/c415140d7348926844a49b29cc105aa4","name":"Andreas Louis Seyerlein","image":{"@type":"ImageObject","inLanguage":"de","@id":"https:\/\/der-goldene-fisch.de\/ping\/#\/schema\/person\/image\/","url":"https:\/\/secure.gravatar.com\/avatar\/d233a6eb5d99a83abb911b2d89ddf42e?s=96&d=mm&r=g","contentUrl":"https:\/\/secure.gravatar.com\/avatar\/d233a6eb5d99a83abb911b2d89ddf42e?s=96&d=mm&r=g","caption":"Andreas Louis Seyerlein"},"logo":{"@id":"https:\/\/der-goldene-fisch.de\/ping\/#\/schema\/person\/image\/"},"sameAs":["http:\/\/"]}]}},"jetpack_sharing_enabled":true,"jetpack_shortlink":"https:\/\/wp.me\/PxsFY-15","_links":{"self":[{"href":"https:\/\/der-goldene-fisch.de\/ping\/wp-json\/wp\/v2\/pages\/67","targetHints":{"allow":["GET"]}}],"collection":[{"href":"https:\/\/der-goldene-fisch.de\/ping\/wp-json\/wp\/v2\/pages"}],"about":[{"href":"https:\/\/der-goldene-fisch.de\/ping\/wp-json\/wp\/v2\/types\/page"}],"author":[{"embeddable":true,"href":"https:\/\/der-goldene-fisch.de\/ping\/wp-json\/wp\/v2\/users\/2"}],"replies":[{"embeddable":true,"href":"https:\/\/der-goldene-fisch.de\/ping\/wp-json\/wp\/v2\/comments?post=67"}],"version-history":[{"count":21,"href":"https:\/\/der-goldene-fisch.de\/ping\/wp-json\/wp\/v2\/pages\/67\/revisions"}],"predecessor-version":[{"id":19315,"href":"https:\/\/der-goldene-fisch.de\/ping\/wp-json\/wp\/v2\/pages\/67\/revisions\/19315"}],"wp:attachment":[{"href":"https:\/\/der-goldene-fisch.de\/ping\/wp-json\/wp\/v2\/media?parent=67"}],"curies":[{"name":"wp","href":"https:\/\/api.w.org\/{rel}","templated":true}]}}