{"id":7372,"date":"2014-06-04T21:19:43","date_gmt":"2014-06-04T20:19:43","guid":{"rendered":"http:\/\/der-goldene-fisch.de\/ping"},"modified":"2016-02-13T22:09:33","modified_gmt":"2016-02-13T21:09:33","slug":"christian-lorenz-mueller","status":"publish","type":"page","link":"https:\/\/der-goldene-fisch.de\/ping\/christian-lorenz-mueller\/","title":{"rendered":"Christian Lorenz M\u00fcller"},"content":{"rendered":"<p style=\"text-align: left;\"><img loading=\"lazy\" decoding=\"async\" class=\"align left size-full wp-image-7379\" title=\"christian\" src=\"http:\/\/der-goldene-fisch.de\/ping\/wp-content\/2014\/06\/christian.jpg\" alt=\"\" width=\"400\" height=\"456\" srcset=\"https:\/\/der-goldene-fisch.de\/ping\/wp-content\/2014\/06\/christian.jpg 400w, https:\/\/der-goldene-fisch.de\/ping\/wp-content\/2014\/06\/christian-263x300.jpg 263w\" sizes=\"auto, (max-width: 400px) 100vw, 400px\" \/><\/p>\n<p style=\"text-align: left;\">Geboren 1972 in Rosenheim\/Bayern. Er ist gelernter Trompetenmacher und lebt in Salzburg.<\/p>\n<p style=\"text-align: left;\">2010 erschien der Roman Wilde Jagd im Hoffmann und Campe Verlag, Hamburg, der mit dem Bayerischen Kunstf\u00f6rderpreis 2012 ausgezeichnet wurde. M\u00fcller erhielt weitere Preise und Stipendien, unter anderem den Georg-Trakl-F\u00f6rderungspreis f\u00fcr Lyrik 2012.<\/p>\n<p style=\"text-align: left;\">M\u00fcller hat die Salzburger Literaturg\u00e4rtnerei initiiert, eine Schreibwerkstatt und Arbeitsplattform f\u00fcr junge Autorinnen und Autoren. Er ist redaktioneller Mitarbeiter der Literaturzeitschrift Konzepte und gelegentlicher Rezensent, unter anderem f\u00fcr Literatur und Kritik und den poetenladen.<\/p>\n<p style=\"text-align: left;\"><a title=\"www.christian-lorenz-mueller.de\" href=\"http:\/\/www.christian-lorenz-mueller.de\"><u>www.christian-lorenz-mueller.de<\/u><\/a><br \/>\n<a title=\"www.poetenladen.de\" href=\"http:\/\/www.poetenladen.de\"> <u>www.poetenladen.de<\/u> <\/a><\/p>\n","protected":false},"excerpt":{"rendered":"<p>Geboren 1972 in Rosenheim\/Bayern. Er ist gelernter Trompetenmacher und lebt in Salzburg. 2010 erschien der Roman Wilde Jagd im Hoffmann und Campe Verlag, Hamburg, der mit dem Bayerischen Kunstf\u00f6rderpreis 2012 ausgezeichnet wurde. M\u00fcller erhielt weitere Preise und Stipendien, unter anderem den Georg-Trakl-F\u00f6rderungspreis f\u00fcr Lyrik 2012. M\u00fcller hat die Salzburger Literaturg\u00e4rtnerei initiiert, eine Schreibwerkstatt und Arbeitsplattform [&hellip;]<\/p>\n","protected":false},"author":1,"featured_media":0,"parent":0,"menu_order":0,"comment_status":"open","ping_status":"open","template":"page2.php","meta":{"jetpack_post_was_ever_published":false,"footnotes":""},"class_list":["post-7372","page","type-page","status-publish","hentry"],"yoast_head":"<!-- This site is optimized with the Yoast SEO plugin v24.0 - https:\/\/yoast.com\/wordpress\/plugins\/seo\/ -->\n<title>Christian Lorenz M\u00fcller - der goldene fisch<\/title>\n<meta name=\"robots\" content=\"index, follow, max-snippet:-1, max-image-preview:large, max-video-preview:-1\" \/>\n<link rel=\"canonical\" href=\"https:\/\/der-goldene-fisch.de\/ping\/christian-lorenz-mueller\/\" \/>\n<meta property=\"og:locale\" content=\"de_DE\" \/>\n<meta property=\"og:type\" content=\"article\" \/>\n<meta property=\"og:title\" content=\"Christian Lorenz M\u00fcller - der goldene fisch\" \/>\n<meta property=\"og:description\" content=\"Geboren 1972 in Rosenheim\/Bayern. Er ist gelernter Trompetenmacher und lebt in Salzburg. 2010 erschien der Roman Wilde Jagd im Hoffmann und Campe Verlag, Hamburg, der mit dem Bayerischen Kunstf\u00f6rderpreis 2012 ausgezeichnet wurde. M\u00fcller erhielt weitere Preise und Stipendien, unter anderem den Georg-Trakl-F\u00f6rderungspreis f\u00fcr Lyrik 2012. M\u00fcller hat die Salzburger Literaturg\u00e4rtnerei initiiert, eine Schreibwerkstatt und Arbeitsplattform [&hellip;]\" \/>\n<meta property=\"og:url\" content=\"https:\/\/der-goldene-fisch.de\/ping\/christian-lorenz-mueller\/\" \/>\n<meta property=\"og:site_name\" content=\"der goldene fisch\" \/>\n<meta property=\"article:modified_time\" content=\"2016-02-13T21:09:33+00:00\" \/>\n<meta property=\"og:image\" content=\"http:\/\/der-goldene-fisch.de\/ping\/wp-content\/2014\/06\/christian.jpg\" \/>\n<meta name=\"twitter:card\" content=\"summary_large_image\" \/>\n<script type=\"application\/ld+json\" class=\"yoast-schema-graph\">{\"@context\":\"https:\/\/schema.org\",\"@graph\":[{\"@type\":\"WebPage\",\"@id\":\"https:\/\/der-goldene-fisch.de\/ping\/christian-lorenz-mueller\/\",\"url\":\"https:\/\/der-goldene-fisch.de\/ping\/christian-lorenz-mueller\/\",\"name\":\"Christian Lorenz M\u00fcller - der goldene fisch\",\"isPartOf\":{\"@id\":\"https:\/\/der-goldene-fisch.de\/ping\/#website\"},\"primaryImageOfPage\":{\"@id\":\"https:\/\/der-goldene-fisch.de\/ping\/christian-lorenz-mueller\/#primaryimage\"},\"image\":{\"@id\":\"https:\/\/der-goldene-fisch.de\/ping\/christian-lorenz-mueller\/#primaryimage\"},\"thumbnailUrl\":\"http:\/\/der-goldene-fisch.de\/ping\/wp-content\/2014\/06\/christian.jpg\",\"datePublished\":\"2014-06-04T20:19:43+00:00\",\"dateModified\":\"2016-02-13T21:09:33+00:00\",\"breadcrumb\":{\"@id\":\"https:\/\/der-goldene-fisch.de\/ping\/christian-lorenz-mueller\/#breadcrumb\"},\"inLanguage\":\"de\",\"potentialAction\":[{\"@type\":\"ReadAction\",\"target\":[\"https:\/\/der-goldene-fisch.de\/ping\/christian-lorenz-mueller\/\"]}]},{\"@type\":\"ImageObject\",\"inLanguage\":\"de\",\"@id\":\"https:\/\/der-goldene-fisch.de\/ping\/christian-lorenz-mueller\/#primaryimage\",\"url\":\"https:\/\/der-goldene-fisch.de\/ping\/wp-content\/2014\/06\/christian.jpg\",\"contentUrl\":\"https:\/\/der-goldene-fisch.de\/ping\/wp-content\/2014\/06\/christian.jpg\",\"width\":\"400\",\"height\":\"456\"},{\"@type\":\"BreadcrumbList\",\"@id\":\"https:\/\/der-goldene-fisch.de\/ping\/christian-lorenz-mueller\/#breadcrumb\",\"itemListElement\":[{\"@type\":\"ListItem\",\"position\":1,\"name\":\"Startseite\",\"item\":\"https:\/\/der-goldene-fisch.de\/ping\/\"},{\"@type\":\"ListItem\",\"position\":2,\"name\":\"Christian Lorenz M\u00fcller\"}]},{\"@type\":\"WebSite\",\"@id\":\"https:\/\/der-goldene-fisch.de\/ping\/#website\",\"url\":\"https:\/\/der-goldene-fisch.de\/ping\/\",\"name\":\"der goldene fisch\",\"description\":\"\",\"publisher\":{\"@id\":\"https:\/\/der-goldene-fisch.de\/ping\/#\/schema\/person\/c415140d7348926844a49b29cc105aa4\"},\"potentialAction\":[{\"@type\":\"SearchAction\",\"target\":{\"@type\":\"EntryPoint\",\"urlTemplate\":\"https:\/\/der-goldene-fisch.de\/ping\/?s={search_term_string}\"},\"query-input\":{\"@type\":\"PropertyValueSpecification\",\"valueRequired\":true,\"valueName\":\"search_term_string\"}}],\"inLanguage\":\"de\"},{\"@type\":[\"Person\",\"Organization\"],\"@id\":\"https:\/\/der-goldene-fisch.de\/ping\/#\/schema\/person\/c415140d7348926844a49b29cc105aa4\",\"name\":\"Andreas Louis Seyerlein\",\"image\":{\"@type\":\"ImageObject\",\"inLanguage\":\"de\",\"@id\":\"https:\/\/der-goldene-fisch.de\/ping\/#\/schema\/person\/image\/\",\"url\":\"https:\/\/secure.gravatar.com\/avatar\/d233a6eb5d99a83abb911b2d89ddf42e?s=96&d=mm&r=g\",\"contentUrl\":\"https:\/\/secure.gravatar.com\/avatar\/d233a6eb5d99a83abb911b2d89ddf42e?s=96&d=mm&r=g\",\"caption\":\"Andreas Louis Seyerlein\"},\"logo\":{\"@id\":\"https:\/\/der-goldene-fisch.de\/ping\/#\/schema\/person\/image\/\"},\"sameAs\":[\"http:\/\/\"]}]}<\/script>\n<!-- \/ Yoast SEO plugin. -->","yoast_head_json":{"title":"Christian Lorenz M\u00fcller - der goldene fisch","robots":{"index":"index","follow":"follow","max-snippet":"max-snippet:-1","max-image-preview":"max-image-preview:large","max-video-preview":"max-video-preview:-1"},"canonical":"https:\/\/der-goldene-fisch.de\/ping\/christian-lorenz-mueller\/","og_locale":"de_DE","og_type":"article","og_title":"Christian Lorenz M\u00fcller - der goldene fisch","og_description":"Geboren 1972 in Rosenheim\/Bayern. Er ist gelernter Trompetenmacher und lebt in Salzburg. 2010 erschien der Roman Wilde Jagd im Hoffmann und Campe Verlag, Hamburg, der mit dem Bayerischen Kunstf\u00f6rderpreis 2012 ausgezeichnet wurde. M\u00fcller erhielt weitere Preise und Stipendien, unter anderem den Georg-Trakl-F\u00f6rderungspreis f\u00fcr Lyrik 2012. M\u00fcller hat die Salzburger Literaturg\u00e4rtnerei initiiert, eine Schreibwerkstatt und Arbeitsplattform [&hellip;]","og_url":"https:\/\/der-goldene-fisch.de\/ping\/christian-lorenz-mueller\/","og_site_name":"der goldene fisch","article_modified_time":"2016-02-13T21:09:33+00:00","og_image":[{"url":"http:\/\/der-goldene-fisch.de\/ping\/wp-content\/2014\/06\/christian.jpg","type":"","width":"","height":""}],"twitter_card":"summary_large_image","schema":{"@context":"https:\/\/schema.org","@graph":[{"@type":"WebPage","@id":"https:\/\/der-goldene-fisch.de\/ping\/christian-lorenz-mueller\/","url":"https:\/\/der-goldene-fisch.de\/ping\/christian-lorenz-mueller\/","name":"Christian Lorenz M\u00fcller - der goldene fisch","isPartOf":{"@id":"https:\/\/der-goldene-fisch.de\/ping\/#website"},"primaryImageOfPage":{"@id":"https:\/\/der-goldene-fisch.de\/ping\/christian-lorenz-mueller\/#primaryimage"},"image":{"@id":"https:\/\/der-goldene-fisch.de\/ping\/christian-lorenz-mueller\/#primaryimage"},"thumbnailUrl":"http:\/\/der-goldene-fisch.de\/ping\/wp-content\/2014\/06\/christian.jpg","datePublished":"2014-06-04T20:19:43+00:00","dateModified":"2016-02-13T21:09:33+00:00","breadcrumb":{"@id":"https:\/\/der-goldene-fisch.de\/ping\/christian-lorenz-mueller\/#breadcrumb"},"inLanguage":"de","potentialAction":[{"@type":"ReadAction","target":["https:\/\/der-goldene-fisch.de\/ping\/christian-lorenz-mueller\/"]}]},{"@type":"ImageObject","inLanguage":"de","@id":"https:\/\/der-goldene-fisch.de\/ping\/christian-lorenz-mueller\/#primaryimage","url":"https:\/\/der-goldene-fisch.de\/ping\/wp-content\/2014\/06\/christian.jpg","contentUrl":"https:\/\/der-goldene-fisch.de\/ping\/wp-content\/2014\/06\/christian.jpg","width":"400","height":"456"},{"@type":"BreadcrumbList","@id":"https:\/\/der-goldene-fisch.de\/ping\/christian-lorenz-mueller\/#breadcrumb","itemListElement":[{"@type":"ListItem","position":1,"name":"Startseite","item":"https:\/\/der-goldene-fisch.de\/ping\/"},{"@type":"ListItem","position":2,"name":"Christian Lorenz M\u00fcller"}]},{"@type":"WebSite","@id":"https:\/\/der-goldene-fisch.de\/ping\/#website","url":"https:\/\/der-goldene-fisch.de\/ping\/","name":"der goldene fisch","description":"","publisher":{"@id":"https:\/\/der-goldene-fisch.de\/ping\/#\/schema\/person\/c415140d7348926844a49b29cc105aa4"},"potentialAction":[{"@type":"SearchAction","target":{"@type":"EntryPoint","urlTemplate":"https:\/\/der-goldene-fisch.de\/ping\/?s={search_term_string}"},"query-input":{"@type":"PropertyValueSpecification","valueRequired":true,"valueName":"search_term_string"}}],"inLanguage":"de"},{"@type":["Person","Organization"],"@id":"https:\/\/der-goldene-fisch.de\/ping\/#\/schema\/person\/c415140d7348926844a49b29cc105aa4","name":"Andreas Louis Seyerlein","image":{"@type":"ImageObject","inLanguage":"de","@id":"https:\/\/der-goldene-fisch.de\/ping\/#\/schema\/person\/image\/","url":"https:\/\/secure.gravatar.com\/avatar\/d233a6eb5d99a83abb911b2d89ddf42e?s=96&d=mm&r=g","contentUrl":"https:\/\/secure.gravatar.com\/avatar\/d233a6eb5d99a83abb911b2d89ddf42e?s=96&d=mm&r=g","caption":"Andreas Louis Seyerlein"},"logo":{"@id":"https:\/\/der-goldene-fisch.de\/ping\/#\/schema\/person\/image\/"},"sameAs":["http:\/\/"]}]}},"jetpack_sharing_enabled":true,"jetpack_shortlink":"https:\/\/wp.me\/PxsFY-1UU","_links":{"self":[{"href":"https:\/\/der-goldene-fisch.de\/ping\/wp-json\/wp\/v2\/pages\/7372","targetHints":{"allow":["GET"]}}],"collection":[{"href":"https:\/\/der-goldene-fisch.de\/ping\/wp-json\/wp\/v2\/pages"}],"about":[{"href":"https:\/\/der-goldene-fisch.de\/ping\/wp-json\/wp\/v2\/types\/page"}],"author":[{"embeddable":true,"href":"https:\/\/der-goldene-fisch.de\/ping\/wp-json\/wp\/v2\/users\/1"}],"replies":[{"embeddable":true,"href":"https:\/\/der-goldene-fisch.de\/ping\/wp-json\/wp\/v2\/comments?post=7372"}],"version-history":[{"count":0,"href":"https:\/\/der-goldene-fisch.de\/ping\/wp-json\/wp\/v2\/pages\/7372\/revisions"}],"wp:attachment":[{"href":"https:\/\/der-goldene-fisch.de\/ping\/wp-json\/wp\/v2\/media?parent=7372"}],"curies":[{"name":"wp","href":"https:\/\/api.w.org\/{rel}","templated":true}]}}