{"id":7846,"date":"2014-10-01T17:58:37","date_gmt":"2014-10-01T16:58:37","guid":{"rendered":"http:\/\/der-goldene-fisch.de\/ping"},"modified":"2020-11-29T18:36:12","modified_gmt":"2020-11-29T17:36:12","slug":"tobias-schoofs","status":"publish","type":"page","link":"https:\/\/der-goldene-fisch.de\/ping\/tobias-schoofs\/","title":{"rendered":"Tobias Schoofs"},"content":{"rendered":"<p><a href=\"http:\/\/der-goldene-fisch.de\/ping\/wp-content\/2014\/10\/ts2014.jpg\"><img loading=\"lazy\" decoding=\"async\" class=\"alignleft size-full wp-image-7845\" src=\"http:\/\/der-goldene-fisch.de\/ping\/wp-content\/2014\/10\/ts2014.jpg\" alt=\"\" width=\"120\" height=\"138\" \/><\/a><\/p>\n<p>geboren 1971 in Duisburg.<br \/>\nStudium 1992-1999 in K\u00f6ln und in dieser Zeit Mitglied der K\u00f6lner Autorenwerkstatt.<br \/>\nSeit 1994 Programmierer und Researcher in verschiedenen Branchen.<br \/>\nLebt seit 2004 in Lissabon.<br \/>\nSeit 1998 regelm\u00e4\u00dfige Ver\u00f6ffentlichungen von Gedichten, Kurzprosa und Rezensionen in Papier- und Online-Zeitschriften und Anthologien,<br \/>\nz.B. Booksports, Lauter Niemand und der Anthologie der K\u00f6lner Autorenwerkstatt &#8222;noch weiter im text&#8220;.<\/p>\n<p><a href=\"http:\/\/diespaetenalben.de\" target=\"_blank\" rel=\"noopener noreferrer\"><u>diespaetenalben.de<\/u><\/a><\/p>\n","protected":false},"excerpt":{"rendered":"<p>geboren 1971 in Duisburg. Studium 1992-1999 in K\u00f6ln und in dieser Zeit Mitglied der K\u00f6lner Autorenwerkstatt. Seit 1994 Programmierer und Researcher in verschiedenen Branchen. Lebt seit 2004 in Lissabon. Seit 1998 regelm\u00e4\u00dfige Ver\u00f6ffentlichungen von Gedichten, Kurzprosa und Rezensionen in Papier- und Online-Zeitschriften und Anthologien, z.B. Booksports, Lauter Niemand und der Anthologie der K\u00f6lner Autorenwerkstatt &#8222;noch [&hellip;]<\/p>\n","protected":false},"author":1,"featured_media":0,"parent":0,"menu_order":0,"comment_status":"open","ping_status":"open","template":"page2.php","meta":{"jetpack_post_was_ever_published":false,"footnotes":""},"class_list":["post-7846","page","type-page","status-publish","hentry"],"yoast_head":"<!-- This site is optimized with the Yoast SEO plugin v24.0 - https:\/\/yoast.com\/wordpress\/plugins\/seo\/ -->\n<title>Tobias Schoofs - der goldene fisch<\/title>\n<meta name=\"robots\" content=\"index, follow, max-snippet:-1, max-image-preview:large, max-video-preview:-1\" \/>\n<link rel=\"canonical\" href=\"https:\/\/der-goldene-fisch.de\/ping\/tobias-schoofs\/\" \/>\n<meta property=\"og:locale\" content=\"de_DE\" \/>\n<meta property=\"og:type\" content=\"article\" \/>\n<meta property=\"og:title\" content=\"Tobias Schoofs - der goldene fisch\" \/>\n<meta property=\"og:description\" content=\"geboren 1971 in Duisburg. Studium 1992-1999 in K\u00f6ln und in dieser Zeit Mitglied der K\u00f6lner Autorenwerkstatt. Seit 1994 Programmierer und Researcher in verschiedenen Branchen. Lebt seit 2004 in Lissabon. Seit 1998 regelm\u00e4\u00dfige Ver\u00f6ffentlichungen von Gedichten, Kurzprosa und Rezensionen in Papier- und Online-Zeitschriften und Anthologien, z.B. Booksports, Lauter Niemand und der Anthologie der K\u00f6lner Autorenwerkstatt &#8222;noch [&hellip;]\" \/>\n<meta property=\"og:url\" content=\"https:\/\/der-goldene-fisch.de\/ping\/tobias-schoofs\/\" \/>\n<meta property=\"og:site_name\" content=\"der goldene fisch\" \/>\n<meta property=\"article:modified_time\" content=\"2020-11-29T17:36:12+00:00\" \/>\n<meta property=\"og:image\" content=\"http:\/\/der-goldene-fisch.de\/ping\/wp-content\/2014\/10\/ts2014.jpg\" \/>\n<meta name=\"twitter:card\" content=\"summary_large_image\" \/>\n<script type=\"application\/ld+json\" class=\"yoast-schema-graph\">{\"@context\":\"https:\/\/schema.org\",\"@graph\":[{\"@type\":\"WebPage\",\"@id\":\"https:\/\/der-goldene-fisch.de\/ping\/tobias-schoofs\/\",\"url\":\"https:\/\/der-goldene-fisch.de\/ping\/tobias-schoofs\/\",\"name\":\"Tobias Schoofs - der goldene fisch\",\"isPartOf\":{\"@id\":\"https:\/\/der-goldene-fisch.de\/ping\/#website\"},\"primaryImageOfPage\":{\"@id\":\"https:\/\/der-goldene-fisch.de\/ping\/tobias-schoofs\/#primaryimage\"},\"image\":{\"@id\":\"https:\/\/der-goldene-fisch.de\/ping\/tobias-schoofs\/#primaryimage\"},\"thumbnailUrl\":\"http:\/\/der-goldene-fisch.de\/ping\/wp-content\/2014\/10\/ts2014.jpg\",\"datePublished\":\"2014-10-01T16:58:37+00:00\",\"dateModified\":\"2020-11-29T17:36:12+00:00\",\"breadcrumb\":{\"@id\":\"https:\/\/der-goldene-fisch.de\/ping\/tobias-schoofs\/#breadcrumb\"},\"inLanguage\":\"de\",\"potentialAction\":[{\"@type\":\"ReadAction\",\"target\":[\"https:\/\/der-goldene-fisch.de\/ping\/tobias-schoofs\/\"]}]},{\"@type\":\"ImageObject\",\"inLanguage\":\"de\",\"@id\":\"https:\/\/der-goldene-fisch.de\/ping\/tobias-schoofs\/#primaryimage\",\"url\":\"https:\/\/der-goldene-fisch.de\/ping\/wp-content\/2014\/10\/ts2014.jpg\",\"contentUrl\":\"https:\/\/der-goldene-fisch.de\/ping\/wp-content\/2014\/10\/ts2014.jpg\",\"width\":\"120\",\"height\":\"138\"},{\"@type\":\"BreadcrumbList\",\"@id\":\"https:\/\/der-goldene-fisch.de\/ping\/tobias-schoofs\/#breadcrumb\",\"itemListElement\":[{\"@type\":\"ListItem\",\"position\":1,\"name\":\"Startseite\",\"item\":\"https:\/\/der-goldene-fisch.de\/ping\/\"},{\"@type\":\"ListItem\",\"position\":2,\"name\":\"Tobias Schoofs\"}]},{\"@type\":\"WebSite\",\"@id\":\"https:\/\/der-goldene-fisch.de\/ping\/#website\",\"url\":\"https:\/\/der-goldene-fisch.de\/ping\/\",\"name\":\"der goldene fisch\",\"description\":\"\",\"publisher\":{\"@id\":\"https:\/\/der-goldene-fisch.de\/ping\/#\/schema\/person\/c415140d7348926844a49b29cc105aa4\"},\"potentialAction\":[{\"@type\":\"SearchAction\",\"target\":{\"@type\":\"EntryPoint\",\"urlTemplate\":\"https:\/\/der-goldene-fisch.de\/ping\/?s={search_term_string}\"},\"query-input\":{\"@type\":\"PropertyValueSpecification\",\"valueRequired\":true,\"valueName\":\"search_term_string\"}}],\"inLanguage\":\"de\"},{\"@type\":[\"Person\",\"Organization\"],\"@id\":\"https:\/\/der-goldene-fisch.de\/ping\/#\/schema\/person\/c415140d7348926844a49b29cc105aa4\",\"name\":\"Andreas Louis Seyerlein\",\"image\":{\"@type\":\"ImageObject\",\"inLanguage\":\"de\",\"@id\":\"https:\/\/der-goldene-fisch.de\/ping\/#\/schema\/person\/image\/\",\"url\":\"https:\/\/secure.gravatar.com\/avatar\/d233a6eb5d99a83abb911b2d89ddf42e?s=96&d=mm&r=g\",\"contentUrl\":\"https:\/\/secure.gravatar.com\/avatar\/d233a6eb5d99a83abb911b2d89ddf42e?s=96&d=mm&r=g\",\"caption\":\"Andreas Louis Seyerlein\"},\"logo\":{\"@id\":\"https:\/\/der-goldene-fisch.de\/ping\/#\/schema\/person\/image\/\"},\"sameAs\":[\"http:\/\/\"]}]}<\/script>\n<!-- \/ Yoast SEO plugin. -->","yoast_head_json":{"title":"Tobias Schoofs - der goldene fisch","robots":{"index":"index","follow":"follow","max-snippet":"max-snippet:-1","max-image-preview":"max-image-preview:large","max-video-preview":"max-video-preview:-1"},"canonical":"https:\/\/der-goldene-fisch.de\/ping\/tobias-schoofs\/","og_locale":"de_DE","og_type":"article","og_title":"Tobias Schoofs - der goldene fisch","og_description":"geboren 1971 in Duisburg. Studium 1992-1999 in K\u00f6ln und in dieser Zeit Mitglied der K\u00f6lner Autorenwerkstatt. Seit 1994 Programmierer und Researcher in verschiedenen Branchen. Lebt seit 2004 in Lissabon. Seit 1998 regelm\u00e4\u00dfige Ver\u00f6ffentlichungen von Gedichten, Kurzprosa und Rezensionen in Papier- und Online-Zeitschriften und Anthologien, z.B. Booksports, Lauter Niemand und der Anthologie der K\u00f6lner Autorenwerkstatt &#8222;noch [&hellip;]","og_url":"https:\/\/der-goldene-fisch.de\/ping\/tobias-schoofs\/","og_site_name":"der goldene fisch","article_modified_time":"2020-11-29T17:36:12+00:00","og_image":[{"url":"http:\/\/der-goldene-fisch.de\/ping\/wp-content\/2014\/10\/ts2014.jpg","type":"","width":"","height":""}],"twitter_card":"summary_large_image","schema":{"@context":"https:\/\/schema.org","@graph":[{"@type":"WebPage","@id":"https:\/\/der-goldene-fisch.de\/ping\/tobias-schoofs\/","url":"https:\/\/der-goldene-fisch.de\/ping\/tobias-schoofs\/","name":"Tobias Schoofs - der goldene fisch","isPartOf":{"@id":"https:\/\/der-goldene-fisch.de\/ping\/#website"},"primaryImageOfPage":{"@id":"https:\/\/der-goldene-fisch.de\/ping\/tobias-schoofs\/#primaryimage"},"image":{"@id":"https:\/\/der-goldene-fisch.de\/ping\/tobias-schoofs\/#primaryimage"},"thumbnailUrl":"http:\/\/der-goldene-fisch.de\/ping\/wp-content\/2014\/10\/ts2014.jpg","datePublished":"2014-10-01T16:58:37+00:00","dateModified":"2020-11-29T17:36:12+00:00","breadcrumb":{"@id":"https:\/\/der-goldene-fisch.de\/ping\/tobias-schoofs\/#breadcrumb"},"inLanguage":"de","potentialAction":[{"@type":"ReadAction","target":["https:\/\/der-goldene-fisch.de\/ping\/tobias-schoofs\/"]}]},{"@type":"ImageObject","inLanguage":"de","@id":"https:\/\/der-goldene-fisch.de\/ping\/tobias-schoofs\/#primaryimage","url":"https:\/\/der-goldene-fisch.de\/ping\/wp-content\/2014\/10\/ts2014.jpg","contentUrl":"https:\/\/der-goldene-fisch.de\/ping\/wp-content\/2014\/10\/ts2014.jpg","width":"120","height":"138"},{"@type":"BreadcrumbList","@id":"https:\/\/der-goldene-fisch.de\/ping\/tobias-schoofs\/#breadcrumb","itemListElement":[{"@type":"ListItem","position":1,"name":"Startseite","item":"https:\/\/der-goldene-fisch.de\/ping\/"},{"@type":"ListItem","position":2,"name":"Tobias Schoofs"}]},{"@type":"WebSite","@id":"https:\/\/der-goldene-fisch.de\/ping\/#website","url":"https:\/\/der-goldene-fisch.de\/ping\/","name":"der goldene fisch","description":"","publisher":{"@id":"https:\/\/der-goldene-fisch.de\/ping\/#\/schema\/person\/c415140d7348926844a49b29cc105aa4"},"potentialAction":[{"@type":"SearchAction","target":{"@type":"EntryPoint","urlTemplate":"https:\/\/der-goldene-fisch.de\/ping\/?s={search_term_string}"},"query-input":{"@type":"PropertyValueSpecification","valueRequired":true,"valueName":"search_term_string"}}],"inLanguage":"de"},{"@type":["Person","Organization"],"@id":"https:\/\/der-goldene-fisch.de\/ping\/#\/schema\/person\/c415140d7348926844a49b29cc105aa4","name":"Andreas Louis Seyerlein","image":{"@type":"ImageObject","inLanguage":"de","@id":"https:\/\/der-goldene-fisch.de\/ping\/#\/schema\/person\/image\/","url":"https:\/\/secure.gravatar.com\/avatar\/d233a6eb5d99a83abb911b2d89ddf42e?s=96&d=mm&r=g","contentUrl":"https:\/\/secure.gravatar.com\/avatar\/d233a6eb5d99a83abb911b2d89ddf42e?s=96&d=mm&r=g","caption":"Andreas Louis Seyerlein"},"logo":{"@id":"https:\/\/der-goldene-fisch.de\/ping\/#\/schema\/person\/image\/"},"sameAs":["http:\/\/"]}]}},"jetpack_sharing_enabled":true,"jetpack_shortlink":"https:\/\/wp.me\/PxsFY-22y","_links":{"self":[{"href":"https:\/\/der-goldene-fisch.de\/ping\/wp-json\/wp\/v2\/pages\/7846","targetHints":{"allow":["GET"]}}],"collection":[{"href":"https:\/\/der-goldene-fisch.de\/ping\/wp-json\/wp\/v2\/pages"}],"about":[{"href":"https:\/\/der-goldene-fisch.de\/ping\/wp-json\/wp\/v2\/types\/page"}],"author":[{"embeddable":true,"href":"https:\/\/der-goldene-fisch.de\/ping\/wp-json\/wp\/v2\/users\/1"}],"replies":[{"embeddable":true,"href":"https:\/\/der-goldene-fisch.de\/ping\/wp-json\/wp\/v2\/comments?post=7846"}],"version-history":[{"count":4,"href":"https:\/\/der-goldene-fisch.de\/ping\/wp-json\/wp\/v2\/pages\/7846\/revisions"}],"predecessor-version":[{"id":16514,"href":"https:\/\/der-goldene-fisch.de\/ping\/wp-json\/wp\/v2\/pages\/7846\/revisions\/16514"}],"wp:attachment":[{"href":"https:\/\/der-goldene-fisch.de\/ping\/wp-json\/wp\/v2\/media?parent=7846"}],"curies":[{"name":"wp","href":"https:\/\/api.w.org\/{rel}","templated":true}]}}