{"id":8,"date":"2009-02-08T22:22:11","date_gmt":"2009-02-08T21:22:11","guid":{"rendered":"http:\/\/der-goldene-fisch.de\/ping\/?page_id=8"},"modified":"2026-03-10T08:27:17","modified_gmt":"2026-03-10T07:27:17","slug":"suche","status":"publish","type":"page","link":"https:\/\/der-goldene-fisch.de\/ping\/suche\/","title":{"rendered":"suche"},"content":{"rendered":"<p>Gesammelte Texte einer Autorin oder eines Auto sind auf Ihrem Bildschirm darzustellen, in dem Sie einen Namen w\u00e4hlen.<\/p>\n<p><a href=\"http:\/\/der-goldene-fisch.de\/ping\/?author=3\"> Hartmut Abendschein<\/a><br \/>\n<a href=\"http:\/\/der-goldene-fisch.de\/ping\/?author=4\"> Mirko Bonn\u00e9 <\/a><br \/>\n<a href=\"http:\/\/der-goldene-fisch.de\/ping\/?author=34\">Carolin Callies <\/a><br \/>\n<a href=\"http:\/\/der-goldene-fisch.de\/ping\/?author=5\"> Andreas H. Drescher\u2028<\/a><br \/>\n<a href=\"http:\/\/der-goldene-fisch.de\/ping\/?author=41\">Karin Fellner <\/a><br \/>\n<a href=\"http:\/\/der-goldene-fisch.de\/ping\/?author=39\">Claudia Gabler<\/a><br \/>\n<a href=\"http:\/\/der-goldene-fisch.de\/ping\/?author=8\"> Sylvia Geist\u2028<\/a><br \/>\n<a href=\"http:\/\/der-goldene-fisch.de\/ping\/?author=44\">Jonis Hartmann<\/a><br \/>\n<a href=\"http:\/\/der-goldene-fisch.de\/ping\/?author=37\">Mathias Jeschke<\/a><br \/>\n<a href=\"http:\/\/der-goldene-fisch.de\/ping\/?author=35\">Christine Kappe<\/a><br \/>\n<a href=\"http:\/\/der-goldene-fisch.de\/ping\/?author=27\"> Bj\u00f6rn Kiehne<\/a><br \/>\n<a href=\"http:\/\/der-goldene-fisch.de\/ping\/?author=50\"> Florian Kn\u00f6ppler<\/a><br \/>\n<a href=\"http:\/\/der-goldene-fisch.de\/ping\/?author=10\"> Gerald Koll<\/a><br \/>\n<a href=\"http:\/\/der-goldene-fisch.de\/ping\/?author=11\"> Thorsten Kr\u00e4mer<\/a><br \/>\n<a href=\"http:\/\/der-goldene-fisch.de\/ping\/?author=47\"> Augusta Laar<\/a><br \/>\n<a href=\"http:\/\/der-goldene-fisch.de\/ping\/?author=31\"> Norbert Lange <\/a><br \/>\n<a href=\"http:\/\/der-goldene-fisch.de\/ping\/?author=12\"> Christine Langer<\/a><br \/>\n<a href=\"http:\/\/der-goldene-fisch.de\/ping\/?author=13\"> S\u00fcnje Lewejohann<\/a><br \/>\n<a href=\"http:\/\/der-goldene-fisch.de\/ping\/?author=38\">Christian Lorenz M\u00fcller<\/a><br \/>\n<a href=\"http:\/\/der-goldene-fisch.de\/ping\/?author=15\"> Fernando Offermann<\/a><br \/>\n<a href=\"http:\/\/der-goldene-fisch.de\/ping\/?author=45\">Alexander Peer<\/a><br \/>\n<a href=\"http:\/\/der-goldene-fisch.de\/ping\/?author=36\"> Martin Piekar<\/a><br \/>\n<a href=\"http:\/\/der-goldene-fisch.de\/ping\/?author=16\"> Oliver Platz<\/a><br \/>\n<a href=\"http:\/\/der-goldene-fisch.de\/ping\/?author=48\"> Tihomir Popovic<\/a><br \/>\n<a href=\"http:\/\/der-goldene-fisch.de\/ping\/?author=17\">Kerstin Preiwu\u00df\u2028<\/a><br \/>\n<a href=\"http:\/\/der-goldene-fisch.de\/ping\/?author=18\"> Hendrik Rost<\/a><br \/>\n<a href=\"http:\/\/der-goldene-fisch.de\/ping\/?author=40\">Tobias Schoofs<\/a><br \/>\n<a href=\"http:\/\/der-goldene-fisch.de\/ping\/?author=2\"> Andreas Louis Seyerlein<\/a><br \/>\n<a href=\"http:\/\/der-goldene-fisch.de\/ping\/?author=21\"> Markus Stegmann\u2028<\/a><br \/>\n<a href=\"http:\/\/der-goldene-fisch.de\/ping\/?author=46\"> Barbara Felicitas Tax\u2028<\/a><br \/>\n<a href=\"http:\/\/der-goldene-fisch.de\/ping\/?author=22\"> Hans Thill\u2028<\/a><br \/>\n<a href=\"http:\/\/der-goldene-fisch.de\/ping\/?author=43\">Julia Trompeter<\/a><br \/>\n<a href=\"http:\/\/der-goldene-fisch.de\/ping\/?author=24\"> Nikolai Vogel<\/a><br \/>\n<a href=\"http:\/\/der-goldene-fisch.de\/ping\/?author=25\">Carsten Zimmermann\u2028\u2028<\/a><br \/>\n<a href=\"http:\/\/der-goldene-fisch.de\/ping\/?author=28\">Martin Zingg <\/a><\/p>\n<p><img decoding=\"async\" src=\"http:\/\/der-goldene-fisch.de\/ping\/g\/space1.jpg\" alt=\"index\" \/><\/p>\n<p>\n\n<!-- Start of Advanced Search form -->\n<form id='as_form' action='https:\/\/der-goldene-fisch.de\/ping' method='get'><fieldset><legend>Ergebnisse finden mit<\/legend><p><input type='hidden' name='s' value='as_perform_advancedsearch' \/><input type='hidden' name='as_perform_advancedsearch' value='true' \/><label for='as_searchquery'>Suchbegriff:<\/label>&nbsp;<a onclick=\"as_openhint(this.href); return false\" href=\"https:\/\/der-goldene-fisch.de\/ping\/?as_hintpopup=show\">(Hilfe)<\/a><br \/><input type='text' class='as_styled' size='35' name='as_searchquery' id='as_searchquery' value='' \/><\/p>als&nbsp;<input type='radio' class='radio' onchange='as_stringsearch(\"as_\")' name='as_querytype' id='as_querytype_words' value='words' checked=\"checked\" \/> <label for='as_querytype_words'>W&ouml;rter<\/label>&nbsp;<input type='radio' class='radio' onchange='as_stringsearch(\"as_\")' name='as_querytype' id='as_querytype_string' value='string' \/> <label for='as_querytype_string'>Zeichenkette<\/label><\/fieldset><fieldset><legend>Zeitraum<\/legend><p><label for='as_month1'>Monat<\/label>\/<label for='as_year1'>Jahr<\/label>&nbsp;<input type='text' class='as_styled' name='as_month1' size='2' maxlength='2' id='as_month1' value='02' \/>&nbsp;<input type='text' class='as_styled' name='as_year1' size='4' maxlength='4' id='as_year1' value='2009' \/>&nbsp; bis <label for='as_month2'>Monat<\/label>\/<label for='as_year2'>Jahr<\/label>&nbsp;<input type='text' class='as_styled' name='as_month2' size='2' maxlength='2' id='as_month2' value='04' \/>&nbsp;<input type='text' class='as_styled' name='as_year2' size='4' maxlength='4' id='as_year2' value='2026' \/><\/p><\/fieldset><p><input type=\"reset\" class=\"as_styled\" value=\"Zur&uuml;cksetzen\" \/>&nbsp;<input type=\"submit\" class=\"as_styled\" value=\"Suche starten\" \/><\/p><\/form>\n\t\t<!-- End of the Advanced Search form -->\n\n<\/p>\n","protected":false},"excerpt":{"rendered":"<p>Gesammelte Texte einer Autorin oder eines Auto sind auf Ihrem Bildschirm darzustellen, in dem Sie einen Namen w\u00e4hlen. Hartmut Abendschein Mirko Bonn\u00e9 Carolin Callies Andreas H. Drescher\u2028 Karin Fellner Claudia Gabler Sylvia Geist\u2028 Jonis Hartmann Mathias Jeschke Christine Kappe Bj\u00f6rn Kiehne Florian Kn\u00f6ppler Gerald Koll Thorsten Kr\u00e4mer Augusta Laar Norbert Lange Christine Langer S\u00fcnje Lewejohann [&hellip;]<\/p>\n","protected":false},"author":1,"featured_media":0,"parent":0,"menu_order":0,"comment_status":"open","ping_status":"open","template":"page2.php","meta":{"jetpack_post_was_ever_published":false,"footnotes":""},"class_list":["post-8","page","type-page","status-publish","hentry"],"yoast_head":"<!-- This site is optimized with the Yoast SEO plugin v24.0 - https:\/\/yoast.com\/wordpress\/plugins\/seo\/ -->\n<title>suche - der goldene fisch<\/title>\n<meta name=\"robots\" content=\"index, follow, max-snippet:-1, max-image-preview:large, max-video-preview:-1\" \/>\n<link rel=\"canonical\" href=\"https:\/\/der-goldene-fisch.de\/ping\/suche\/\" \/>\n<meta property=\"og:locale\" content=\"de_DE\" \/>\n<meta property=\"og:type\" content=\"article\" \/>\n<meta property=\"og:title\" content=\"suche - der goldene fisch\" \/>\n<meta property=\"og:description\" content=\"Gesammelte Texte einer Autorin oder eines Auto sind auf Ihrem Bildschirm darzustellen, in dem Sie einen Namen w\u00e4hlen. Hartmut Abendschein Mirko Bonn\u00e9 Carolin Callies Andreas H. Drescher\u2028 Karin Fellner Claudia Gabler Sylvia Geist\u2028 Jonis Hartmann Mathias Jeschke Christine Kappe Bj\u00f6rn Kiehne Florian Kn\u00f6ppler Gerald Koll Thorsten Kr\u00e4mer Augusta Laar Norbert Lange Christine Langer S\u00fcnje Lewejohann [&hellip;]\" \/>\n<meta property=\"og:url\" content=\"https:\/\/der-goldene-fisch.de\/ping\/suche\/\" \/>\n<meta property=\"og:site_name\" content=\"der goldene fisch\" \/>\n<meta property=\"article:modified_time\" content=\"2026-03-10T07:27:17+00:00\" \/>\n<meta property=\"og:image\" content=\"http:\/\/der-goldene-fisch.de\/ping\/g\/space1.jpg\" \/>\n<meta name=\"twitter:card\" content=\"summary_large_image\" \/>\n<meta name=\"twitter:label1\" content=\"Gesch\u00e4tzte Lesezeit\" \/>\n\t<meta name=\"twitter:data1\" content=\"1 Minute\" \/>\n<script type=\"application\/ld+json\" class=\"yoast-schema-graph\">{\"@context\":\"https:\/\/schema.org\",\"@graph\":[{\"@type\":\"WebPage\",\"@id\":\"https:\/\/der-goldene-fisch.de\/ping\/suche\/\",\"url\":\"https:\/\/der-goldene-fisch.de\/ping\/suche\/\",\"name\":\"suche - der goldene fisch\",\"isPartOf\":{\"@id\":\"https:\/\/der-goldene-fisch.de\/ping\/#website\"},\"primaryImageOfPage\":{\"@id\":\"https:\/\/der-goldene-fisch.de\/ping\/suche\/#primaryimage\"},\"image\":{\"@id\":\"https:\/\/der-goldene-fisch.de\/ping\/suche\/#primaryimage\"},\"thumbnailUrl\":\"http:\/\/der-goldene-fisch.de\/ping\/g\/space1.jpg\",\"datePublished\":\"2009-02-08T21:22:11+00:00\",\"dateModified\":\"2026-03-10T07:27:17+00:00\",\"breadcrumb\":{\"@id\":\"https:\/\/der-goldene-fisch.de\/ping\/suche\/#breadcrumb\"},\"inLanguage\":\"de\",\"potentialAction\":[{\"@type\":\"ReadAction\",\"target\":[\"https:\/\/der-goldene-fisch.de\/ping\/suche\/\"]}]},{\"@type\":\"ImageObject\",\"inLanguage\":\"de\",\"@id\":\"https:\/\/der-goldene-fisch.de\/ping\/suche\/#primaryimage\",\"url\":\"http:\/\/der-goldene-fisch.de\/ping\/g\/space1.jpg\",\"contentUrl\":\"http:\/\/der-goldene-fisch.de\/ping\/g\/space1.jpg\"},{\"@type\":\"BreadcrumbList\",\"@id\":\"https:\/\/der-goldene-fisch.de\/ping\/suche\/#breadcrumb\",\"itemListElement\":[{\"@type\":\"ListItem\",\"position\":1,\"name\":\"Startseite\",\"item\":\"https:\/\/der-goldene-fisch.de\/ping\/\"},{\"@type\":\"ListItem\",\"position\":2,\"name\":\"suche\"}]},{\"@type\":\"WebSite\",\"@id\":\"https:\/\/der-goldene-fisch.de\/ping\/#website\",\"url\":\"https:\/\/der-goldene-fisch.de\/ping\/\",\"name\":\"der goldene fisch\",\"description\":\"\",\"publisher\":{\"@id\":\"https:\/\/der-goldene-fisch.de\/ping\/#\/schema\/person\/c415140d7348926844a49b29cc105aa4\"},\"potentialAction\":[{\"@type\":\"SearchAction\",\"target\":{\"@type\":\"EntryPoint\",\"urlTemplate\":\"https:\/\/der-goldene-fisch.de\/ping\/?s={search_term_string}\"},\"query-input\":{\"@type\":\"PropertyValueSpecification\",\"valueRequired\":true,\"valueName\":\"search_term_string\"}}],\"inLanguage\":\"de\"},{\"@type\":[\"Person\",\"Organization\"],\"@id\":\"https:\/\/der-goldene-fisch.de\/ping\/#\/schema\/person\/c415140d7348926844a49b29cc105aa4\",\"name\":\"Andreas Louis Seyerlein\",\"image\":{\"@type\":\"ImageObject\",\"inLanguage\":\"de\",\"@id\":\"https:\/\/der-goldene-fisch.de\/ping\/#\/schema\/person\/image\/\",\"url\":\"https:\/\/secure.gravatar.com\/avatar\/d233a6eb5d99a83abb911b2d89ddf42e?s=96&d=mm&r=g\",\"contentUrl\":\"https:\/\/secure.gravatar.com\/avatar\/d233a6eb5d99a83abb911b2d89ddf42e?s=96&d=mm&r=g\",\"caption\":\"Andreas Louis Seyerlein\"},\"logo\":{\"@id\":\"https:\/\/der-goldene-fisch.de\/ping\/#\/schema\/person\/image\/\"},\"sameAs\":[\"http:\/\/\"]}]}<\/script>\n<!-- \/ Yoast SEO plugin. -->","yoast_head_json":{"title":"suche - der goldene fisch","robots":{"index":"index","follow":"follow","max-snippet":"max-snippet:-1","max-image-preview":"max-image-preview:large","max-video-preview":"max-video-preview:-1"},"canonical":"https:\/\/der-goldene-fisch.de\/ping\/suche\/","og_locale":"de_DE","og_type":"article","og_title":"suche - der goldene fisch","og_description":"Gesammelte Texte einer Autorin oder eines Auto sind auf Ihrem Bildschirm darzustellen, in dem Sie einen Namen w\u00e4hlen. Hartmut Abendschein Mirko Bonn\u00e9 Carolin Callies Andreas H. Drescher\u2028 Karin Fellner Claudia Gabler Sylvia Geist\u2028 Jonis Hartmann Mathias Jeschke Christine Kappe Bj\u00f6rn Kiehne Florian Kn\u00f6ppler Gerald Koll Thorsten Kr\u00e4mer Augusta Laar Norbert Lange Christine Langer S\u00fcnje Lewejohann [&hellip;]","og_url":"https:\/\/der-goldene-fisch.de\/ping\/suche\/","og_site_name":"der goldene fisch","article_modified_time":"2026-03-10T07:27:17+00:00","og_image":[{"url":"http:\/\/der-goldene-fisch.de\/ping\/g\/space1.jpg","type":"","width":"","height":""}],"twitter_card":"summary_large_image","twitter_misc":{"Gesch\u00e4tzte Lesezeit":"1 Minute"},"schema":{"@context":"https:\/\/schema.org","@graph":[{"@type":"WebPage","@id":"https:\/\/der-goldene-fisch.de\/ping\/suche\/","url":"https:\/\/der-goldene-fisch.de\/ping\/suche\/","name":"suche - der goldene fisch","isPartOf":{"@id":"https:\/\/der-goldene-fisch.de\/ping\/#website"},"primaryImageOfPage":{"@id":"https:\/\/der-goldene-fisch.de\/ping\/suche\/#primaryimage"},"image":{"@id":"https:\/\/der-goldene-fisch.de\/ping\/suche\/#primaryimage"},"thumbnailUrl":"http:\/\/der-goldene-fisch.de\/ping\/g\/space1.jpg","datePublished":"2009-02-08T21:22:11+00:00","dateModified":"2026-03-10T07:27:17+00:00","breadcrumb":{"@id":"https:\/\/der-goldene-fisch.de\/ping\/suche\/#breadcrumb"},"inLanguage":"de","potentialAction":[{"@type":"ReadAction","target":["https:\/\/der-goldene-fisch.de\/ping\/suche\/"]}]},{"@type":"ImageObject","inLanguage":"de","@id":"https:\/\/der-goldene-fisch.de\/ping\/suche\/#primaryimage","url":"http:\/\/der-goldene-fisch.de\/ping\/g\/space1.jpg","contentUrl":"http:\/\/der-goldene-fisch.de\/ping\/g\/space1.jpg"},{"@type":"BreadcrumbList","@id":"https:\/\/der-goldene-fisch.de\/ping\/suche\/#breadcrumb","itemListElement":[{"@type":"ListItem","position":1,"name":"Startseite","item":"https:\/\/der-goldene-fisch.de\/ping\/"},{"@type":"ListItem","position":2,"name":"suche"}]},{"@type":"WebSite","@id":"https:\/\/der-goldene-fisch.de\/ping\/#website","url":"https:\/\/der-goldene-fisch.de\/ping\/","name":"der goldene fisch","description":"","publisher":{"@id":"https:\/\/der-goldene-fisch.de\/ping\/#\/schema\/person\/c415140d7348926844a49b29cc105aa4"},"potentialAction":[{"@type":"SearchAction","target":{"@type":"EntryPoint","urlTemplate":"https:\/\/der-goldene-fisch.de\/ping\/?s={search_term_string}"},"query-input":{"@type":"PropertyValueSpecification","valueRequired":true,"valueName":"search_term_string"}}],"inLanguage":"de"},{"@type":["Person","Organization"],"@id":"https:\/\/der-goldene-fisch.de\/ping\/#\/schema\/person\/c415140d7348926844a49b29cc105aa4","name":"Andreas Louis Seyerlein","image":{"@type":"ImageObject","inLanguage":"de","@id":"https:\/\/der-goldene-fisch.de\/ping\/#\/schema\/person\/image\/","url":"https:\/\/secure.gravatar.com\/avatar\/d233a6eb5d99a83abb911b2d89ddf42e?s=96&d=mm&r=g","contentUrl":"https:\/\/secure.gravatar.com\/avatar\/d233a6eb5d99a83abb911b2d89ddf42e?s=96&d=mm&r=g","caption":"Andreas Louis Seyerlein"},"logo":{"@id":"https:\/\/der-goldene-fisch.de\/ping\/#\/schema\/person\/image\/"},"sameAs":["http:\/\/"]}]}},"jetpack_sharing_enabled":true,"jetpack_shortlink":"https:\/\/wp.me\/PxsFY-8","_links":{"self":[{"href":"https:\/\/der-goldene-fisch.de\/ping\/wp-json\/wp\/v2\/pages\/8","targetHints":{"allow":["GET"]}}],"collection":[{"href":"https:\/\/der-goldene-fisch.de\/ping\/wp-json\/wp\/v2\/pages"}],"about":[{"href":"https:\/\/der-goldene-fisch.de\/ping\/wp-json\/wp\/v2\/types\/page"}],"author":[{"embeddable":true,"href":"https:\/\/der-goldene-fisch.de\/ping\/wp-json\/wp\/v2\/users\/1"}],"replies":[{"embeddable":true,"href":"https:\/\/der-goldene-fisch.de\/ping\/wp-json\/wp\/v2\/comments?post=8"}],"version-history":[{"count":9,"href":"https:\/\/der-goldene-fisch.de\/ping\/wp-json\/wp\/v2\/pages\/8\/revisions"}],"predecessor-version":[{"id":19449,"href":"https:\/\/der-goldene-fisch.de\/ping\/wp-json\/wp\/v2\/pages\/8\/revisions\/19449"}],"wp:attachment":[{"href":"https:\/\/der-goldene-fisch.de\/ping\/wp-json\/wp\/v2\/media?parent=8"}],"curies":[{"name":"wp","href":"https:\/\/api.w.org\/{rel}","templated":true}]}}