{"id":9349,"date":"2016-03-22T20:23:33","date_gmt":"2016-03-22T19:23:33","guid":{"rendered":"http:\/\/der-goldene-fisch.de\/ping"},"modified":"2024-10-03T11:49:57","modified_gmt":"2024-10-03T10:49:57","slug":"karin-fellner","status":"publish","type":"page","link":"https:\/\/der-goldene-fisch.de\/ping\/karin-fellner\/","title":{"rendered":"Karin Fellner"},"content":{"rendered":"<p><a href=\"http:\/\/der-goldene-fisch.de\/ping\/wp-content\/2016\/03\/karinfellner.jpg\"><img loading=\"lazy\" decoding=\"async\" class=\"alignleft size-medium wp-image-9350\" title=\"karinfellner\" src=\"http:\/\/der-goldene-fisch.de\/ping\/wp-content\/2016\/03\/karinfellner-300x300.jpg\" alt=\"\" width=\"300\" height=\"300\" srcset=\"https:\/\/der-goldene-fisch.de\/ping\/wp-content\/2016\/03\/karinfellner-300x300.jpg 300w, https:\/\/der-goldene-fisch.de\/ping\/wp-content\/2016\/03\/karinfellner-150x150.jpg 150w, https:\/\/der-goldene-fisch.de\/ping\/wp-content\/2016\/03\/karinfellner.jpg 853w\" sizes=\"auto, (max-width: 300px) 100vw, 300px\" \/><\/a><\/p>\n<p><small>Schamrock-Festival 2014<br \/>\nFoto\/ Martin Richartz<\/small><\/p>\n<p>geboren 1970 in M\u00fcnchen, verdient ihre Br\u00f6tchen heute dort als Lektorin und Schreibcoach. F\u00fcr ihre Gedichte erhielt sie mehrere Auszeichnungen, zuletzt den Lyrikpreis der S\u00fcdpfalz (2024). Bislang erschienen von ihr sechs Gedicht-Einzelb\u00e4nde, der j\u00fcngste davon: \u201e<a href=\"https:\/\/parasitenpresse.wordpress.com\/2024\/02\/20\/karin-fellner-polle-und-fu\/\"><span style=\"text-decoration: underline;\">Polle und Fu<\/span><\/a>\u201c (parasitenpresse, K\u00f6ln 2024).<\/p>\n<p><u><a href=\"http:\/\/www.karinfellner.de\/home\/\">www.karinfellner.de<\/a><\/u><\/p>\n","protected":false},"excerpt":{"rendered":"<p>Schamrock-Festival 2014 Foto\/ Martin Richartz geboren 1970 in M\u00fcnchen, verdient ihre Br\u00f6tchen heute dort als Lektorin und Schreibcoach. F\u00fcr ihre Gedichte erhielt sie mehrere Auszeichnungen, zuletzt den Lyrikpreis der S\u00fcdpfalz (2024). Bislang erschienen von ihr sechs Gedicht-Einzelb\u00e4nde, der j\u00fcngste davon: \u201ePolle und Fu\u201c (parasitenpresse, K\u00f6ln 2024). www.karinfellner.de<\/p>\n","protected":false},"author":1,"featured_media":0,"parent":0,"menu_order":0,"comment_status":"open","ping_status":"open","template":"page2.php","meta":{"jetpack_post_was_ever_published":false,"footnotes":""},"class_list":["post-9349","page","type-page","status-publish","hentry"],"yoast_head":"<!-- This site is optimized with the Yoast SEO plugin v24.0 - https:\/\/yoast.com\/wordpress\/plugins\/seo\/ -->\n<title>Karin Fellner - der goldene fisch<\/title>\n<meta name=\"robots\" content=\"index, follow, max-snippet:-1, max-image-preview:large, max-video-preview:-1\" \/>\n<link rel=\"canonical\" href=\"https:\/\/der-goldene-fisch.de\/ping\/karin-fellner\/\" \/>\n<meta property=\"og:locale\" content=\"de_DE\" \/>\n<meta property=\"og:type\" content=\"article\" \/>\n<meta property=\"og:title\" content=\"Karin Fellner - der goldene fisch\" \/>\n<meta property=\"og:description\" content=\"Schamrock-Festival 2014 Foto\/ Martin Richartz geboren 1970 in M\u00fcnchen, verdient ihre Br\u00f6tchen heute dort als Lektorin und Schreibcoach. F\u00fcr ihre Gedichte erhielt sie mehrere Auszeichnungen, zuletzt den Lyrikpreis der S\u00fcdpfalz (2024). Bislang erschienen von ihr sechs Gedicht-Einzelb\u00e4nde, der j\u00fcngste davon: \u201ePolle und Fu\u201c (parasitenpresse, K\u00f6ln 2024). www.karinfellner.de\" \/>\n<meta property=\"og:url\" content=\"https:\/\/der-goldene-fisch.de\/ping\/karin-fellner\/\" \/>\n<meta property=\"og:site_name\" content=\"der goldene fisch\" \/>\n<meta property=\"article:modified_time\" content=\"2024-10-03T10:49:57+00:00\" \/>\n<meta property=\"og:image\" content=\"http:\/\/der-goldene-fisch.de\/ping\/wp-content\/2016\/03\/karinfellner-300x300.jpg\" \/>\n<meta name=\"twitter:card\" content=\"summary_large_image\" \/>\n<meta name=\"twitter:label1\" content=\"Gesch\u00e4tzte Lesezeit\" \/>\n\t<meta name=\"twitter:data1\" content=\"1 Minute\" \/>\n<script type=\"application\/ld+json\" class=\"yoast-schema-graph\">{\"@context\":\"https:\/\/schema.org\",\"@graph\":[{\"@type\":\"WebPage\",\"@id\":\"https:\/\/der-goldene-fisch.de\/ping\/karin-fellner\/\",\"url\":\"https:\/\/der-goldene-fisch.de\/ping\/karin-fellner\/\",\"name\":\"Karin Fellner - der goldene fisch\",\"isPartOf\":{\"@id\":\"https:\/\/der-goldene-fisch.de\/ping\/#website\"},\"primaryImageOfPage\":{\"@id\":\"https:\/\/der-goldene-fisch.de\/ping\/karin-fellner\/#primaryimage\"},\"image\":{\"@id\":\"https:\/\/der-goldene-fisch.de\/ping\/karin-fellner\/#primaryimage\"},\"thumbnailUrl\":\"http:\/\/der-goldene-fisch.de\/ping\/wp-content\/2016\/03\/karinfellner-300x300.jpg\",\"datePublished\":\"2016-03-22T19:23:33+00:00\",\"dateModified\":\"2024-10-03T10:49:57+00:00\",\"breadcrumb\":{\"@id\":\"https:\/\/der-goldene-fisch.de\/ping\/karin-fellner\/#breadcrumb\"},\"inLanguage\":\"de\",\"potentialAction\":[{\"@type\":\"ReadAction\",\"target\":[\"https:\/\/der-goldene-fisch.de\/ping\/karin-fellner\/\"]}]},{\"@type\":\"ImageObject\",\"inLanguage\":\"de\",\"@id\":\"https:\/\/der-goldene-fisch.de\/ping\/karin-fellner\/#primaryimage\",\"url\":\"https:\/\/der-goldene-fisch.de\/ping\/wp-content\/2016\/03\/karinfellner.jpg\",\"contentUrl\":\"https:\/\/der-goldene-fisch.de\/ping\/wp-content\/2016\/03\/karinfellner.jpg\",\"width\":\"853\",\"height\":\"853\"},{\"@type\":\"BreadcrumbList\",\"@id\":\"https:\/\/der-goldene-fisch.de\/ping\/karin-fellner\/#breadcrumb\",\"itemListElement\":[{\"@type\":\"ListItem\",\"position\":1,\"name\":\"Startseite\",\"item\":\"https:\/\/der-goldene-fisch.de\/ping\/\"},{\"@type\":\"ListItem\",\"position\":2,\"name\":\"Karin Fellner\"}]},{\"@type\":\"WebSite\",\"@id\":\"https:\/\/der-goldene-fisch.de\/ping\/#website\",\"url\":\"https:\/\/der-goldene-fisch.de\/ping\/\",\"name\":\"der goldene fisch\",\"description\":\"\",\"publisher\":{\"@id\":\"https:\/\/der-goldene-fisch.de\/ping\/#\/schema\/person\/c415140d7348926844a49b29cc105aa4\"},\"potentialAction\":[{\"@type\":\"SearchAction\",\"target\":{\"@type\":\"EntryPoint\",\"urlTemplate\":\"https:\/\/der-goldene-fisch.de\/ping\/?s={search_term_string}\"},\"query-input\":{\"@type\":\"PropertyValueSpecification\",\"valueRequired\":true,\"valueName\":\"search_term_string\"}}],\"inLanguage\":\"de\"},{\"@type\":[\"Person\",\"Organization\"],\"@id\":\"https:\/\/der-goldene-fisch.de\/ping\/#\/schema\/person\/c415140d7348926844a49b29cc105aa4\",\"name\":\"Andreas Louis Seyerlein\",\"image\":{\"@type\":\"ImageObject\",\"inLanguage\":\"de\",\"@id\":\"https:\/\/der-goldene-fisch.de\/ping\/#\/schema\/person\/image\/\",\"url\":\"https:\/\/secure.gravatar.com\/avatar\/d233a6eb5d99a83abb911b2d89ddf42e?s=96&d=mm&r=g\",\"contentUrl\":\"https:\/\/secure.gravatar.com\/avatar\/d233a6eb5d99a83abb911b2d89ddf42e?s=96&d=mm&r=g\",\"caption\":\"Andreas Louis Seyerlein\"},\"logo\":{\"@id\":\"https:\/\/der-goldene-fisch.de\/ping\/#\/schema\/person\/image\/\"},\"sameAs\":[\"http:\/\/\"]}]}<\/script>\n<!-- \/ Yoast SEO plugin. -->","yoast_head_json":{"title":"Karin Fellner - der goldene fisch","robots":{"index":"index","follow":"follow","max-snippet":"max-snippet:-1","max-image-preview":"max-image-preview:large","max-video-preview":"max-video-preview:-1"},"canonical":"https:\/\/der-goldene-fisch.de\/ping\/karin-fellner\/","og_locale":"de_DE","og_type":"article","og_title":"Karin Fellner - der goldene fisch","og_description":"Schamrock-Festival 2014 Foto\/ Martin Richartz geboren 1970 in M\u00fcnchen, verdient ihre Br\u00f6tchen heute dort als Lektorin und Schreibcoach. F\u00fcr ihre Gedichte erhielt sie mehrere Auszeichnungen, zuletzt den Lyrikpreis der S\u00fcdpfalz (2024). Bislang erschienen von ihr sechs Gedicht-Einzelb\u00e4nde, der j\u00fcngste davon: \u201ePolle und Fu\u201c (parasitenpresse, K\u00f6ln 2024). www.karinfellner.de","og_url":"https:\/\/der-goldene-fisch.de\/ping\/karin-fellner\/","og_site_name":"der goldene fisch","article_modified_time":"2024-10-03T10:49:57+00:00","og_image":[{"url":"http:\/\/der-goldene-fisch.de\/ping\/wp-content\/2016\/03\/karinfellner-300x300.jpg","type":"","width":"","height":""}],"twitter_card":"summary_large_image","twitter_misc":{"Gesch\u00e4tzte Lesezeit":"1 Minute"},"schema":{"@context":"https:\/\/schema.org","@graph":[{"@type":"WebPage","@id":"https:\/\/der-goldene-fisch.de\/ping\/karin-fellner\/","url":"https:\/\/der-goldene-fisch.de\/ping\/karin-fellner\/","name":"Karin Fellner - der goldene fisch","isPartOf":{"@id":"https:\/\/der-goldene-fisch.de\/ping\/#website"},"primaryImageOfPage":{"@id":"https:\/\/der-goldene-fisch.de\/ping\/karin-fellner\/#primaryimage"},"image":{"@id":"https:\/\/der-goldene-fisch.de\/ping\/karin-fellner\/#primaryimage"},"thumbnailUrl":"http:\/\/der-goldene-fisch.de\/ping\/wp-content\/2016\/03\/karinfellner-300x300.jpg","datePublished":"2016-03-22T19:23:33+00:00","dateModified":"2024-10-03T10:49:57+00:00","breadcrumb":{"@id":"https:\/\/der-goldene-fisch.de\/ping\/karin-fellner\/#breadcrumb"},"inLanguage":"de","potentialAction":[{"@type":"ReadAction","target":["https:\/\/der-goldene-fisch.de\/ping\/karin-fellner\/"]}]},{"@type":"ImageObject","inLanguage":"de","@id":"https:\/\/der-goldene-fisch.de\/ping\/karin-fellner\/#primaryimage","url":"https:\/\/der-goldene-fisch.de\/ping\/wp-content\/2016\/03\/karinfellner.jpg","contentUrl":"https:\/\/der-goldene-fisch.de\/ping\/wp-content\/2016\/03\/karinfellner.jpg","width":"853","height":"853"},{"@type":"BreadcrumbList","@id":"https:\/\/der-goldene-fisch.de\/ping\/karin-fellner\/#breadcrumb","itemListElement":[{"@type":"ListItem","position":1,"name":"Startseite","item":"https:\/\/der-goldene-fisch.de\/ping\/"},{"@type":"ListItem","position":2,"name":"Karin Fellner"}]},{"@type":"WebSite","@id":"https:\/\/der-goldene-fisch.de\/ping\/#website","url":"https:\/\/der-goldene-fisch.de\/ping\/","name":"der goldene fisch","description":"","publisher":{"@id":"https:\/\/der-goldene-fisch.de\/ping\/#\/schema\/person\/c415140d7348926844a49b29cc105aa4"},"potentialAction":[{"@type":"SearchAction","target":{"@type":"EntryPoint","urlTemplate":"https:\/\/der-goldene-fisch.de\/ping\/?s={search_term_string}"},"query-input":{"@type":"PropertyValueSpecification","valueRequired":true,"valueName":"search_term_string"}}],"inLanguage":"de"},{"@type":["Person","Organization"],"@id":"https:\/\/der-goldene-fisch.de\/ping\/#\/schema\/person\/c415140d7348926844a49b29cc105aa4","name":"Andreas Louis Seyerlein","image":{"@type":"ImageObject","inLanguage":"de","@id":"https:\/\/der-goldene-fisch.de\/ping\/#\/schema\/person\/image\/","url":"https:\/\/secure.gravatar.com\/avatar\/d233a6eb5d99a83abb911b2d89ddf42e?s=96&d=mm&r=g","contentUrl":"https:\/\/secure.gravatar.com\/avatar\/d233a6eb5d99a83abb911b2d89ddf42e?s=96&d=mm&r=g","caption":"Andreas Louis Seyerlein"},"logo":{"@id":"https:\/\/der-goldene-fisch.de\/ping\/#\/schema\/person\/image\/"},"sameAs":["http:\/\/"]}]}},"jetpack_sharing_enabled":true,"jetpack_shortlink":"https:\/\/wp.me\/PxsFY-2qN","_links":{"self":[{"href":"https:\/\/der-goldene-fisch.de\/ping\/wp-json\/wp\/v2\/pages\/9349","targetHints":{"allow":["GET"]}}],"collection":[{"href":"https:\/\/der-goldene-fisch.de\/ping\/wp-json\/wp\/v2\/pages"}],"about":[{"href":"https:\/\/der-goldene-fisch.de\/ping\/wp-json\/wp\/v2\/types\/page"}],"author":[{"embeddable":true,"href":"https:\/\/der-goldene-fisch.de\/ping\/wp-json\/wp\/v2\/users\/1"}],"replies":[{"embeddable":true,"href":"https:\/\/der-goldene-fisch.de\/ping\/wp-json\/wp\/v2\/comments?post=9349"}],"version-history":[{"count":10,"href":"https:\/\/der-goldene-fisch.de\/ping\/wp-json\/wp\/v2\/pages\/9349\/revisions"}],"predecessor-version":[{"id":18743,"href":"https:\/\/der-goldene-fisch.de\/ping\/wp-json\/wp\/v2\/pages\/9349\/revisions\/18743"}],"wp:attachment":[{"href":"https:\/\/der-goldene-fisch.de\/ping\/wp-json\/wp\/v2\/media?parent=9349"}],"curies":[{"name":"wp","href":"https:\/\/api.w.org\/{rel}","templated":true}]}}